{"id":4514,"date":"2024-09-26T15:17:03","date_gmt":"2024-09-26T20:17:03","guid":{"rendered":"https:\/\/waterleafwc.org\/asistencia\/"},"modified":"2026-02-16T10:33:07","modified_gmt":"2026-02-16T16:33:07","slug":"asistencia","status":"publish","type":"page","link":"https:\/\/waterleafwc.org\/es\/asistencia\/","title":{"rendered":"Asistencia"},"content":{"rendered":"\t\t<div data-elementor-type=\"wp-page\" data-elementor-id=\"4514\" class=\"elementor elementor-4514 elementor-841\" data-elementor-post-type=\"page\">\n\t\t\t\t<div class=\"elementor-element elementor-element-b6ccc3f e-flex e-con-boxed e-con e-parent\" data-id=\"b6ccc3f\" data-element_type=\"container\" data-settings=\"{&quot;background_background&quot;:&quot;classic&quot;}\">\n\t\t\t\t\t<div class=\"e-con-inner\">\n\t\t<div class=\"elementor-element elementor-element-f3e8557 e-flex e-con-boxed e-con e-child\" data-id=\"f3e8557\" data-element_type=\"container\">\n\t\t\t\t\t<div class=\"e-con-inner\">\n\t\t\t\t\t<\/div>\n\t\t\t\t<\/div>\n\t\t\t\t\t<\/div>\n\t\t\t\t<\/div>\n\t\t<div class=\"elementor-element elementor-element-94b9c0a e-flex e-con-boxed e-con e-parent\" data-id=\"94b9c0a\" data-element_type=\"container\">\n\t\t\t\t\t<div class=\"e-con-inner\">\n\t\t\t\t<div class=\"elementor-element elementor-element-f34a741 elementor-widget elementor-widget-heading\" data-id=\"f34a741\" data-element_type=\"widget\" data-widget_type=\"heading.default\">\n\t\t\t\t<div class=\"elementor-widget-container\">\n\t\t\t\t\t<h1 class=\"elementor-heading-title elementor-size-default\">Asistencia<\/h1>\t\t\t\t<\/div>\n\t\t\t\t<\/div>\n\t\t\t\t<div class=\"elementor-element elementor-element-7a5ea23 elementor-widget elementor-widget-text-editor\" data-id=\"7a5ea23\" data-element_type=\"widget\" data-widget_type=\"text-editor.default\">\n\t\t\t\t<div class=\"elementor-widget-container\">\n\t\t\t\t\t\t\t\t\t<p>Estamos aqu\u00ed para brindarle apoyo, independientemente de su situaci\u00f3n. Nuestros clientes provienen de una diversidad de contextos, edades, niveles de ingresos, situaciones de vida, experiencias vitales y m\u00e1s. Su cita con un Especialista en Recursos de Aspire es confidencial. Tendr\u00e1 la oportunidad de hablar en privado sobre sus preocupaciones. Nuestro objetivo es proporcionarle la ayuda que necesita para afrontar cualquier desaf\u00edo que est\u00e9 enfrentando.    <\/p>\t\t\t\t\t\t\t\t<\/div>\n\t\t\t\t<\/div>\n\t\t<div class=\"elementor-element elementor-element-c4e507c e-con-full e-flex e-con e-child\" data-id=\"c4e507c\" data-element_type=\"container\">\n\t\t\t\t<div class=\"elementor-element elementor-element-7abe5dd elementor-align-center elementor-widget__width-initial elementor-hidden-desktop elementor-hidden-tablet elementor-mobile-align-center elementor-widget-mobile__width-initial elementor-widget elementor-widget-button\" data-id=\"7abe5dd\" data-element_type=\"widget\" data-widget_type=\"button.default\">\n\t\t\t\t<div class=\"elementor-widget-container\">\n\t\t\t\t\t\t\t\t\t<div class=\"elementor-button-wrapper\">\n\t\t\t\t\t<a class=\"elementor-button elementor-button-link elementor-size-sm\" href=\"tel:630-701-6270\">\n\t\t\t\t\t\t<span class=\"elementor-button-content-wrapper\">\n\t\t\t\t\t\t<span class=\"elementor-button-icon\">\n\t\t\t\t<svg aria-hidden=\"true\" class=\"e-font-icon-svg e-fas-phone-alt\" viewBox=\"0 0 512 512\" xmlns=\"http:\/\/www.w3.org\/2000\/svg\"><path d=\"M497.39 361.8l-112-48a24 24 0 0 0-28 6.9l-49.6 60.6A370.66 370.66 0 0 1 130.6 204.11l60.6-49.6a23.94 23.94 0 0 0 6.9-28l-48-112A24.16 24.16 0 0 0 122.6.61l-104 24A24 24 0 0 0 0 48c0 256.5 207.9 464 464 464a24 24 0 0 0 23.4-18.6l24-104a24.29 24.29 0 0 0-14.01-27.6z\"><\/path><\/svg>\t\t\t<\/span>\n\t\t\t\t\t\t\t\t\t<span class=\"elementor-button-text\">Schedule Now<\/span>\n\t\t\t\t\t<\/span>\n\t\t\t\t\t<\/a>\n\t\t\t\t<\/div>\n\t\t\t\t\t\t\t\t<\/div>\n\t\t\t\t<\/div>\n\t\t\t\t<div class=\"elementor-element elementor-element-8beed4a elementor-align-center elementor-widget__width-initial elementor-mobile-align-center elementor-widget-mobile__width-initial elementor-widget elementor-widget-button\" data-id=\"8beed4a\" data-element_type=\"widget\" data-widget_type=\"button.default\">\n\t\t\t\t<div class=\"elementor-widget-container\">\n\t\t\t\t\t\t\t\t\t<div class=\"elementor-button-wrapper\">\n\t\t\t\t\t<a class=\"elementor-button elementor-button-link elementor-size-sm\" href=\"https:\/\/waterleafwc.org\/es\/contacta-con-nosotros\/\">\n\t\t\t\t\t\t<span class=\"elementor-button-content-wrapper\">\n\t\t\t\t\t\t<span class=\"elementor-button-icon\">\n\t\t\t\t<svg aria-hidden=\"true\" class=\"e-font-icon-svg e-fab-wpforms\" viewBox=\"0 0 448 512\" xmlns=\"http:\/\/www.w3.org\/2000\/svg\"><path d=\"M448 75.2v361.7c0 24.3-19 43.2-43.2 43.2H43.2C19.3 480 0 461.4 0 436.8V75.2C0 51.1 18.8 32 43.2 32h361.7c24 0 43.1 18.8 43.1 43.2zm-37.3 361.6V75.2c0-3-2.6-5.8-5.8-5.8h-9.3L285.3 144 224 94.1 162.8 144 52.5 69.3h-9.3c-3.2 0-5.8 2.8-5.8 5.8v361.7c0 3 2.6 5.8 5.8 5.8h361.7c3.2.1 5.8-2.7 5.8-5.8zM150.2 186v37H76.7v-37h73.5zm0 74.4v37.3H76.7v-37.3h73.5zm11.1-147.3l54-43.7H96.8l64.5 43.7zm210 72.9v37h-196v-37h196zm0 74.4v37.3h-196v-37.3h196zm-84.6-147.3l64.5-43.7H232.8l53.9 43.7zM371.3 335v37.3h-99.4V335h99.4z\"><\/path><\/svg>\t\t\t<\/span>\n\t\t\t\t\t\t\t\t\t<span class=\"elementor-button-text\">Solicite su cita<\/span>\n\t\t\t\t\t<\/span>\n\t\t\t\t\t<\/a>\n\t\t\t\t<\/div>\n\t\t\t\t\t\t\t\t<\/div>\n\t\t\t\t<\/div>\n\t\t\t\t<\/div>\n\t\t\t\t\t<\/div>\n\t\t\t\t<\/div>\n\t\t<div class=\"elementor-element elementor-element-3bbdbc9 e-flex e-con-boxed e-con e-parent\" data-id=\"3bbdbc9\" data-element_type=\"container\">\n\t\t\t\t\t<div class=\"e-con-inner\">\n\t\t<div class=\"elementor-element elementor-element-3eba110 e-con-full e-flex e-con e-child\" data-id=\"3eba110\" data-element_type=\"container\">\n\t\t<div class=\"elementor-element elementor-element-473c723 e-con-full e-flex e-con e-child\" data-id=\"473c723\" data-element_type=\"container\" data-settings=\"{&quot;sticky&quot;:&quot;top&quot;,&quot;sticky_offset&quot;:150,&quot;sticky_parent&quot;:&quot;yes&quot;,&quot;sticky_on&quot;:[&quot;desktop&quot;,&quot;tablet&quot;,&quot;mobile&quot;],&quot;sticky_effects_offset&quot;:0,&quot;sticky_anchor_link_offset&quot;:0}\">\n\t\t<div class=\"elementor-element elementor-element-068ff96 e-con-full e-flex e-con e-child\" data-id=\"068ff96\" data-element_type=\"container\">\n\t\t<div class=\"elementor-element elementor-element-088b93f e-con-full e-flex e-con e-child\" data-id=\"088b93f\" data-element_type=\"container\">\n\t\t\t\t<div class=\"elementor-element elementor-element-80bcb91 elementor-widget elementor-widget-image\" data-id=\"80bcb91\" data-element_type=\"widget\" data-widget_type=\"image.default\">\n\t\t\t\t<div class=\"elementor-widget-container\">\n\t\t\t\t\t\t\t\t\t\t\t\t\t\t\t<img fetchpriority=\"high\" decoding=\"async\" width=\"800\" height=\"534\" src=\"https:\/\/waterleafwc.org\/wp-content\/uploads\/2024\/09\/iStock-1437219879-1024x683.jpg\" class=\"attachment-large size-large wp-image-846\" alt=\"Young man receiving support at Waterleaf in Aurora, Illinois after learning his girlfriend is pregnant.\" srcset=\"https:\/\/waterleafwc.org\/wp-content\/uploads\/2024\/09\/iStock-1437219879-1024x683.jpg 1024w, https:\/\/waterleafwc.org\/wp-content\/uploads\/2024\/09\/iStock-1437219879-300x200.jpg 300w, https:\/\/waterleafwc.org\/wp-content\/uploads\/2024\/09\/iStock-1437219879-768x512.jpg 768w, https:\/\/waterleafwc.org\/wp-content\/uploads\/2024\/09\/iStock-1437219879-1536x1024.jpg 1536w, https:\/\/waterleafwc.org\/wp-content\/uploads\/2024\/09\/iStock-1437219879.jpg 1920w\" sizes=\"(max-width: 800px) 100vw, 800px\" \/>\t\t\t\t\t\t\t\t\t\t\t\t\t\t\t<\/div>\n\t\t\t\t<\/div>\n\t\t\t\t<\/div>\n\t\t<div class=\"elementor-element elementor-element-5d5ecda e-con-full e-flex e-con e-child\" data-id=\"5d5ecda\" data-element_type=\"container\">\n\t\t\t\t<div class=\"elementor-element elementor-element-ea06206 elementor-widget elementor-widget-heading\" data-id=\"ea06206\" data-element_type=\"widget\" data-widget_type=\"heading.default\">\n\t\t\t\t<div class=\"elementor-widget-container\">\n\t\t\t\t\t<h2 class=\"elementor-heading-title elementor-size-default\">Para hombres<\/h2>\t\t\t\t<\/div>\n\t\t\t\t<\/div>\n\t\t\t\t<div class=\"elementor-element elementor-element-44d03fe elementor-widget elementor-widget-text-editor\" data-id=\"44d03fe\" data-element_type=\"widget\" data-widget_type=\"text-editor.default\">\n\t\t\t\t<div class=\"elementor-widget-container\">\n\t\t\t\t\t\t\t\t\t<p>Existen formas en las que puede cuidar de s\u00ed mismo y asistir a su pareja durante este per\u00edodo.<\/p>\t\t\t\t\t\t\t\t<\/div>\n\t\t\t\t<\/div>\n\t\t\t\t<div class=\"elementor-element elementor-element-b591803 elementor-mobile-align-center elementor-widget elementor-widget-button\" data-id=\"b591803\" data-element_type=\"widget\" data-widget_type=\"button.default\">\n\t\t\t\t<div class=\"elementor-widget-container\">\n\t\t\t\t\t\t\t\t\t<div class=\"elementor-button-wrapper\">\n\t\t\t\t\t<a class=\"elementor-button elementor-button-link elementor-size-sm\" href=\"https:\/\/waterleafwc.org\/es\/asistencia\/para-hombres\/\">\n\t\t\t\t\t\t<span class=\"elementor-button-content-wrapper\">\n\t\t\t\t\t\t\t\t\t<span class=\"elementor-button-text\">Aprender M\u00e1s<\/span>\n\t\t\t\t\t<\/span>\n\t\t\t\t\t<\/a>\n\t\t\t\t<\/div>\n\t\t\t\t\t\t\t\t<\/div>\n\t\t\t\t<\/div>\n\t\t\t\t<\/div>\n\t\t\t\t<\/div>\n\t\t<div class=\"elementor-element elementor-element-ba49c08 e-con-full e-flex e-con e-child\" data-id=\"ba49c08\" data-element_type=\"container\">\n\t\t<div class=\"elementor-element elementor-element-292f2cf e-con-full e-flex e-con e-child\" data-id=\"292f2cf\" data-element_type=\"container\">\n\t\t\t\t<div class=\"elementor-element elementor-element-edfe36f elementor-widget elementor-widget-image\" data-id=\"edfe36f\" data-element_type=\"widget\" data-widget_type=\"image.default\">\n\t\t\t\t<div class=\"elementor-widget-container\">\n\t\t\t\t\t\t\t\t\t\t\t\t\t\t\t<img decoding=\"async\" width=\"800\" height=\"534\" src=\"https:\/\/waterleafwc.org\/wp-content\/uploads\/2024\/09\/iStock-1573712683-1024x683.jpg\" class=\"attachment-large size-large wp-image-844\" alt=\"Young woman receiving free pregnancy support at Waterleaf in Aurora, Illinois.\" srcset=\"https:\/\/waterleafwc.org\/wp-content\/uploads\/2024\/09\/iStock-1573712683-1024x683.jpg 1024w, https:\/\/waterleafwc.org\/wp-content\/uploads\/2024\/09\/iStock-1573712683-300x200.jpg 300w, https:\/\/waterleafwc.org\/wp-content\/uploads\/2024\/09\/iStock-1573712683-768x512.jpg 768w, https:\/\/waterleafwc.org\/wp-content\/uploads\/2024\/09\/iStock-1573712683-1536x1024.jpg 1536w, https:\/\/waterleafwc.org\/wp-content\/uploads\/2024\/09\/iStock-1573712683.jpg 1920w\" sizes=\"(max-width: 800px) 100vw, 800px\" \/>\t\t\t\t\t\t\t\t\t\t\t\t\t\t\t<\/div>\n\t\t\t\t<\/div>\n\t\t\t\t<\/div>\n\t\t<div class=\"elementor-element elementor-element-f26efe6 e-con-full e-flex e-con e-child\" data-id=\"f26efe6\" data-element_type=\"container\">\n\t\t\t\t<div class=\"elementor-element elementor-element-5957548 elementor-widget elementor-widget-heading\" data-id=\"5957548\" data-element_type=\"widget\" data-widget_type=\"heading.default\">\n\t\t\t\t<div class=\"elementor-widget-container\">\n\t\t\t\t\t<h2 class=\"elementor-heading-title elementor-size-default\">Recursos \u201cm\u00e1s all\u00e1 de lo m\u00e9dico\u201d<\/h2>\t\t\t\t<\/div>\n\t\t\t\t<\/div>\n\t\t\t\t<div class=\"elementor-element elementor-element-f3c85ab elementor-widget elementor-widget-text-editor\" data-id=\"f3c85ab\" data-element_type=\"widget\" data-widget_type=\"text-editor.default\">\n\t\t\t\t<div class=\"elementor-widget-container\">\n\t\t\t\t\t\t\t\t\t<p>Estamos aqu\u00ed para proporcionarle las herramientas que necesita para navegar por la vida.<\/p>\t\t\t\t\t\t\t\t<\/div>\n\t\t\t\t<\/div>\n\t\t\t\t<div class=\"elementor-element elementor-element-592335e elementor-mobile-align-center elementor-widget elementor-widget-button\" data-id=\"592335e\" data-element_type=\"widget\" data-widget_type=\"button.default\">\n\t\t\t\t<div class=\"elementor-widget-container\">\n\t\t\t\t\t\t\t\t\t<div class=\"elementor-button-wrapper\">\n\t\t\t\t\t<a class=\"elementor-button elementor-button-link elementor-size-sm\" href=\"https:\/\/waterleafwc.org\/resources-beyond-medical\/\">\n\t\t\t\t\t\t<span class=\"elementor-button-content-wrapper\">\n\t\t\t\t\t\t\t\t\t<span class=\"elementor-button-text\">Aprender M\u00e1s<\/span>\n\t\t\t\t\t<\/span>\n\t\t\t\t\t<\/a>\n\t\t\t\t<\/div>\n\t\t\t\t\t\t\t\t<\/div>\n\t\t\t\t<\/div>\n\t\t\t\t<\/div>\n\t\t\t\t<\/div>\n\t\t\t\t<\/div>\n\t\t\t\t<\/div>\n\t\t<div class=\"elementor-element elementor-element-18a9b60 e-con-full e-flex e-con e-child\" data-id=\"18a9b60\" data-element_type=\"container\">\n\t\t<div class=\"elementor-element elementor-element-fe113ea e-con-full e-flex e-con e-child\" data-id=\"fe113ea\" data-element_type=\"container\" data-settings=\"{&quot;background_background&quot;:&quot;classic&quot;}\">\n\t\t\t\t<div class=\"elementor-element elementor-element-56f8e3f elementor-widget elementor-widget-html\" data-id=\"56f8e3f\" data-element_type=\"widget\" data-widget_type=\"html.default\">\n\t\t\t\t<div class=\"elementor-widget-container\">\n\t\t\t\t\t<iframe src=\"https:\/\/api.lifeleadapp.org\/widget\/form\/PAvpcypHhrUyjFjGQT4e\" style=\"width:100%;height:800px;border:none;border-radius:4px\" id=\"inline-PAvpcypHhrUyjFjGQT4e\" data-layout=\"{'id':'INLINE'}\" data-trigger-type=\"alwaysShow\" data-trigger-value=\"\" data-activation-type=\"alwaysActivated\" data-activation-value=\"\" data-deactivation-type=\"neverDeactivate\" data-deactivation-value=\"\" data-form-name=\"WaterLeaf Make An Appointment - (Google Ads)\" data-height=\"695\" data-layout-iframe-id=\"inline-PAvpcypHhrUyjFjGQT4e\" data-form-id=\"PAvpcypHhrUyjFjGQT4e\" title=\"Waterleaf Programe una cita - (Google Ads)\">\n<\/iframe>\n<script src=\"https:\/\/api.lifeleadapp.org\/js\/form_embed.js\"><\/script>\t\t\t\t<\/div>\n\t\t\t\t<\/div>\n\t\t\t\t<\/div>\n\t\t\t\t<\/div>\n\t\t\t\t\t<\/div>\n\t\t\t\t<\/div>\n\t\t\t\t<\/div>\n\t\t","protected":false},"excerpt":{"rendered":"<p>Asistencia Estamos aqu\u00ed para brindarle apoyo, independientemente de su situaci\u00f3n. Nuestros clientes provienen de una diversidad de contextos, edades, niveles de ingresos, situaciones de vida, experiencias vitales y m\u00e1s. Su cita con un Especialista en Recursos de Aspire es confidencial. Tendr\u00e1 la oportunidad de hablar en privado sobre sus preocupaciones. Nuestro objetivo es proporcionarle la [&hellip;]<\/p>\n","protected":false},"author":3,"featured_media":0,"parent":0,"menu_order":0,"comment_status":"closed","ping_status":"closed","template":"","meta":{"footnotes":""},"class_list":["post-4514","page","type-page","status-publish","hentry"],"_links":{"self":[{"href":"https:\/\/waterleafwc.org\/es\/wp-json\/wp\/v2\/pages\/4514","targetHints":{"allow":["GET"]}}],"collection":[{"href":"https:\/\/waterleafwc.org\/es\/wp-json\/wp\/v2\/pages"}],"about":[{"href":"https:\/\/waterleafwc.org\/es\/wp-json\/wp\/v2\/types\/page"}],"author":[{"embeddable":true,"href":"https:\/\/waterleafwc.org\/es\/wp-json\/wp\/v2\/users\/3"}],"replies":[{"embeddable":true,"href":"https:\/\/waterleafwc.org\/es\/wp-json\/wp\/v2\/comments?post=4514"}],"version-history":[{"count":4,"href":"https:\/\/waterleafwc.org\/es\/wp-json\/wp\/v2\/pages\/4514\/revisions"}],"predecessor-version":[{"id":6401,"href":"https:\/\/waterleafwc.org\/es\/wp-json\/wp\/v2\/pages\/4514\/revisions\/6401"}],"wp:attachment":[{"href":"https:\/\/waterleafwc.org\/es\/wp-json\/wp\/v2\/media?parent=4514"}],"curies":[{"name":"wp","href":"https:\/\/api.w.org\/{rel}","templated":true}]}}