{"id":4518,"date":"2024-12-05T18:43:37","date_gmt":"2024-12-06T00:43:37","guid":{"rendered":"https:\/\/waterleafwc.org\/acerca-de-nosotros\/"},"modified":"2026-02-16T10:39:50","modified_gmt":"2026-02-16T16:39:50","slug":"quienes-somos","status":"publish","type":"page","link":"https:\/\/waterleafwc.org\/es\/quienes-somos\/","title":{"rendered":"Qui\u00e9nes somos"},"content":{"rendered":"\t\t<div data-elementor-type=\"wp-page\" data-elementor-id=\"4518\" class=\"elementor elementor-4518 elementor-1248\" data-elementor-post-type=\"page\">\n\t\t\t\t<div class=\"elementor-element elementor-element-1645484 e-flex e-con-boxed e-con e-parent\" data-id=\"1645484\" data-element_type=\"container\" data-settings=\"{&quot;background_background&quot;:&quot;classic&quot;}\">\n\t\t\t\t\t<div class=\"e-con-inner\">\n\t\t<div class=\"elementor-element elementor-element-28cb6f5 e-flex e-con-boxed e-con e-child\" data-id=\"28cb6f5\" data-element_type=\"container\">\n\t\t\t\t\t<div class=\"e-con-inner\">\n\t\t\t\t\t<\/div>\n\t\t\t\t<\/div>\n\t\t\t\t\t<\/div>\n\t\t\t\t<\/div>\n\t\t<div class=\"elementor-element elementor-element-16f5019 e-flex e-con-boxed e-con e-parent\" data-id=\"16f5019\" data-element_type=\"container\">\n\t\t\t\t\t<div class=\"e-con-inner\">\n\t\t\t\t<div class=\"elementor-element elementor-element-749453c elementor-widget elementor-widget-heading\" data-id=\"749453c\" data-element_type=\"widget\" data-widget_type=\"heading.default\">\n\t\t\t\t<div class=\"elementor-widget-container\">\n\t\t\t\t\t<h1 class=\"elementor-heading-title elementor-size-default\">Qui\u00e9nes somos<\/h1>\t\t\t\t<\/div>\n\t\t\t\t<\/div>\n\t\t\t\t<div class=\"elementor-element elementor-element-69f5f21 elementor-widget elementor-widget-text-editor\" data-id=\"69f5f21\" data-element_type=\"widget\" data-widget_type=\"text-editor.default\">\n\t\t\t\t<div class=\"elementor-widget-container\">\n\t\t\t\t\t\t\t\t\t<div class=\"top_content bg-tertiary col-md-11 mt-3 pt-5 pb-4 text-center px-5 mb-4\"><p>En el Centro para Mujeres Waterleaf, recibir\u00e1 atenci\u00f3n compasiva y confidencial sin prejuicios. Somos su primer paso ante un embarazo no planificado, para que pueda estar segura y equipada con la informaci\u00f3n m\u00e9dica necesaria para tomar la mejor decisi\u00f3n para usted. Tambi\u00e9n podemos proporcionar tratamiento limitado para enfermedades de transmisi\u00f3n sexual y conectarla con una variedad de recursos y asesoramiento \u00fatil. Todos nuestros servicios son gratuitos y no requieren seguro m\u00e9dico. Ll\u00e1menos o env\u00edenos un mensaje de texto en cualquier momento al 630-360-2256 o programe una cita hoy mismo.    <\/p><\/div>\t\t\t\t\t\t\t\t<\/div>\n\t\t\t\t<\/div>\n\t\t<div class=\"elementor-element elementor-element-2baa1e3 e-con-full e-flex e-con e-child\" data-id=\"2baa1e3\" data-element_type=\"container\">\n\t\t\t\t<div class=\"elementor-element elementor-element-f5599b0 elementor-align-center elementor-widget__width-initial elementor-hidden-desktop elementor-hidden-tablet elementor-mobile-align-center elementor-widget-mobile__width-initial elementor-widget elementor-widget-button\" data-id=\"f5599b0\" data-element_type=\"widget\" data-widget_type=\"button.default\">\n\t\t\t\t<div class=\"elementor-widget-container\">\n\t\t\t\t\t\t\t\t\t<div class=\"elementor-button-wrapper\">\n\t\t\t\t\t<a class=\"elementor-button elementor-button-link elementor-size-sm\" href=\"tel:630-701-6270\">\n\t\t\t\t\t\t<span class=\"elementor-button-content-wrapper\">\n\t\t\t\t\t\t<span class=\"elementor-button-icon\">\n\t\t\t\t<svg aria-hidden=\"true\" class=\"e-font-icon-svg e-fas-phone-alt\" viewBox=\"0 0 512 512\" xmlns=\"http:\/\/www.w3.org\/2000\/svg\"><path d=\"M497.39 361.8l-112-48a24 24 0 0 0-28 6.9l-49.6 60.6A370.66 370.66 0 0 1 130.6 204.11l60.6-49.6a23.94 23.94 0 0 0 6.9-28l-48-112A24.16 24.16 0 0 0 122.6.61l-104 24A24 24 0 0 0 0 48c0 256.5 207.9 464 464 464a24 24 0 0 0 23.4-18.6l24-104a24.29 24.29 0 0 0-14.01-27.6z\"><\/path><\/svg>\t\t\t<\/span>\n\t\t\t\t\t\t\t\t\t<span class=\"elementor-button-text\">Schedule Now<\/span>\n\t\t\t\t\t<\/span>\n\t\t\t\t\t<\/a>\n\t\t\t\t<\/div>\n\t\t\t\t\t\t\t\t<\/div>\n\t\t\t\t<\/div>\n\t\t\t\t<div class=\"elementor-element elementor-element-3cd4752 elementor-align-center elementor-widget__width-initial elementor-mobile-align-center elementor-widget-mobile__width-initial elementor-widget elementor-widget-button\" data-id=\"3cd4752\" data-element_type=\"widget\" data-widget_type=\"button.default\">\n\t\t\t\t<div class=\"elementor-widget-container\">\n\t\t\t\t\t\t\t\t\t<div class=\"elementor-button-wrapper\">\n\t\t\t\t\t<a class=\"elementor-button elementor-button-link elementor-size-sm\" href=\"https:\/\/waterleafwc.org\/es\/contacta-con-nosotros\/\">\n\t\t\t\t\t\t<span class=\"elementor-button-content-wrapper\">\n\t\t\t\t\t\t<span class=\"elementor-button-icon\">\n\t\t\t\t<svg aria-hidden=\"true\" class=\"e-font-icon-svg e-fab-wpforms\" viewBox=\"0 0 448 512\" xmlns=\"http:\/\/www.w3.org\/2000\/svg\"><path d=\"M448 75.2v361.7c0 24.3-19 43.2-43.2 43.2H43.2C19.3 480 0 461.4 0 436.8V75.2C0 51.1 18.8 32 43.2 32h361.7c24 0 43.1 18.8 43.1 43.2zm-37.3 361.6V75.2c0-3-2.6-5.8-5.8-5.8h-9.3L285.3 144 224 94.1 162.8 144 52.5 69.3h-9.3c-3.2 0-5.8 2.8-5.8 5.8v361.7c0 3 2.6 5.8 5.8 5.8h361.7c3.2.1 5.8-2.7 5.8-5.8zM150.2 186v37H76.7v-37h73.5zm0 74.4v37.3H76.7v-37.3h73.5zm11.1-147.3l54-43.7H96.8l64.5 43.7zm210 72.9v37h-196v-37h196zm0 74.4v37.3h-196v-37.3h196zm-84.6-147.3l64.5-43.7H232.8l53.9 43.7zM371.3 335v37.3h-99.4V335h99.4z\"><\/path><\/svg>\t\t\t<\/span>\n\t\t\t\t\t\t\t\t\t<span class=\"elementor-button-text\">Solicite su cita<\/span>\n\t\t\t\t\t<\/span>\n\t\t\t\t\t<\/a>\n\t\t\t\t<\/div>\n\t\t\t\t\t\t\t\t<\/div>\n\t\t\t\t<\/div>\n\t\t\t\t<\/div>\n\t\t\t\t\t<\/div>\n\t\t\t\t<\/div>\n\t\t<div class=\"elementor-element elementor-element-41a11fa e-flex e-con-boxed e-con e-parent\" data-id=\"41a11fa\" data-element_type=\"container\">\n\t\t\t\t\t<div class=\"e-con-inner\">\n\t\t<div class=\"elementor-element elementor-element-acc470d e-con-full e-flex e-con e-child\" data-id=\"acc470d\" data-element_type=\"container\">\n\t\t<div class=\"elementor-element elementor-element-61d9f91 e-con-full e-flex e-con e-child\" data-id=\"61d9f91\" data-element_type=\"container\" data-settings=\"{&quot;sticky&quot;:&quot;top&quot;,&quot;sticky_offset&quot;:150,&quot;sticky_parent&quot;:&quot;yes&quot;,&quot;sticky_on&quot;:[&quot;desktop&quot;,&quot;tablet&quot;,&quot;mobile&quot;],&quot;sticky_effects_offset&quot;:0,&quot;sticky_anchor_link_offset&quot;:0}\">\n\t\t<div class=\"elementor-element elementor-element-67b1075 e-con-full e-flex e-con e-child\" data-id=\"67b1075\" data-element_type=\"container\">\n\t\t<div class=\"elementor-element elementor-element-88450d1 e-con-full e-flex e-con e-child\" data-id=\"88450d1\" data-element_type=\"container\">\n\t\t\t\t<div class=\"elementor-element elementor-element-e98d200 elementor-widget elementor-widget-image\" data-id=\"e98d200\" data-element_type=\"widget\" data-widget_type=\"image.default\">\n\t\t\t\t<div class=\"elementor-widget-container\">\n\t\t\t\t\t\t\t\t\t\t\t\t\t\t\t<img fetchpriority=\"high\" decoding=\"async\" width=\"800\" height=\"534\" src=\"https:\/\/waterleafwc.org\/wp-content\/uploads\/2024\/04\/iStock-1406572614-1024x683.jpg\" class=\"attachment-large size-large wp-image-367\" alt=\"Young pregnancy woman on the phone to schedule her appointment at Waterleaf in Aurora IL\" srcset=\"https:\/\/waterleafwc.org\/wp-content\/uploads\/2024\/04\/iStock-1406572614-1024x683.jpg 1024w, https:\/\/waterleafwc.org\/wp-content\/uploads\/2024\/04\/iStock-1406572614-300x200.jpg 300w, https:\/\/waterleafwc.org\/wp-content\/uploads\/2024\/04\/iStock-1406572614-768x512.jpg 768w, https:\/\/waterleafwc.org\/wp-content\/uploads\/2024\/04\/iStock-1406572614-1536x1024.jpg 1536w, https:\/\/waterleafwc.org\/wp-content\/uploads\/2024\/04\/iStock-1406572614-2048x1365.jpg 2048w\" sizes=\"(max-width: 800px) 100vw, 800px\" \/>\t\t\t\t\t\t\t\t\t\t\t\t\t\t\t<\/div>\n\t\t\t\t<\/div>\n\t\t\t\t<\/div>\n\t\t<div class=\"elementor-element elementor-element-aee0e79 e-con-full e-flex e-con e-child\" data-id=\"aee0e79\" data-element_type=\"container\">\n\t\t\t\t<div class=\"elementor-element elementor-element-22f75cc elementor-widget elementor-widget-heading\" data-id=\"22f75cc\" data-element_type=\"widget\" data-widget_type=\"heading.default\">\n\t\t\t\t<div class=\"elementor-widget-container\">\n\t\t\t\t\t<h2 class=\"elementor-heading-title elementor-size-default\">Cont\u00e1ctenos<\/h2>\t\t\t\t<\/div>\n\t\t\t\t<\/div>\n\t\t\t\t<div class=\"elementor-element elementor-element-656cc1d elementor-widget elementor-widget-text-editor\" data-id=\"656cc1d\" data-element_type=\"widget\" data-widget_type=\"text-editor.default\">\n\t\t\t\t<div class=\"elementor-widget-container\">\n\t\t\t\t\t\t\t\t\t<p>Un embarazo no planificado puede ser aterrador. Afortunadamente, hay ayuda disponible. <\/p>\t\t\t\t\t\t\t\t<\/div>\n\t\t\t\t<\/div>\n\t\t\t\t<div class=\"elementor-element elementor-element-b4fa51e elementor-mobile-align-center elementor-widget elementor-widget-button\" data-id=\"b4fa51e\" data-element_type=\"widget\" data-widget_type=\"button.default\">\n\t\t\t\t<div class=\"elementor-widget-container\">\n\t\t\t\t\t\t\t\t\t<div class=\"elementor-button-wrapper\">\n\t\t\t\t\t<a class=\"elementor-button elementor-button-link elementor-size-sm\" href=\"https:\/\/waterleafwc.org\/es\/contacta-con-nosotros\/\">\n\t\t\t\t\t\t<span class=\"elementor-button-content-wrapper\">\n\t\t\t\t\t\t\t\t\t<span class=\"elementor-button-text\">Aprender M\u00e1s<\/span>\n\t\t\t\t\t<\/span>\n\t\t\t\t\t<\/a>\n\t\t\t\t<\/div>\n\t\t\t\t\t\t\t\t<\/div>\n\t\t\t\t<\/div>\n\t\t\t\t<\/div>\n\t\t\t\t<\/div>\n\t\t<div class=\"elementor-element elementor-element-c6314fd e-con-full e-flex e-con e-child\" data-id=\"c6314fd\" data-element_type=\"container\">\n\t\t<div class=\"elementor-element elementor-element-1b85a32 e-con-full e-flex e-con e-child\" data-id=\"1b85a32\" data-element_type=\"container\">\n\t\t\t\t<div class=\"elementor-element elementor-element-cb0ed02 elementor-widget elementor-widget-image\" data-id=\"cb0ed02\" data-element_type=\"widget\" data-widget_type=\"image.default\">\n\t\t\t\t<div class=\"elementor-widget-container\">\n\t\t\t\t\t\t\t\t\t\t\t\t\t\t\t<img decoding=\"async\" width=\"800\" height=\"418\" src=\"https:\/\/waterleafwc.org\/wp-content\/uploads\/2024\/10\/CK4b2x5M-1024x535.jpeg\" class=\"attachment-large size-large wp-image-1085\" alt=\"Photo of the Waterleaf office in Aurora IL\" srcset=\"https:\/\/waterleafwc.org\/wp-content\/uploads\/2024\/10\/CK4b2x5M-1024x535.jpeg 1024w, https:\/\/waterleafwc.org\/wp-content\/uploads\/2024\/10\/CK4b2x5M-300x157.jpeg 300w, https:\/\/waterleafwc.org\/wp-content\/uploads\/2024\/10\/CK4b2x5M-768x402.jpeg 768w, https:\/\/waterleafwc.org\/wp-content\/uploads\/2024\/10\/CK4b2x5M-1536x803.jpeg 1536w, https:\/\/waterleafwc.org\/wp-content\/uploads\/2024\/10\/CK4b2x5M.jpeg 1920w\" sizes=\"(max-width: 800px) 100vw, 800px\" \/>\t\t\t\t\t\t\t\t\t\t\t\t\t\t\t<\/div>\n\t\t\t\t<\/div>\n\t\t\t\t<\/div>\n\t\t<div class=\"elementor-element elementor-element-8a2b8ab e-con-full e-flex e-con e-child\" data-id=\"8a2b8ab\" data-element_type=\"container\">\n\t\t\t\t<div class=\"elementor-element elementor-element-18fcc2b elementor-widget elementor-widget-heading\" data-id=\"18fcc2b\" data-element_type=\"widget\" data-widget_type=\"heading.default\">\n\t\t\t\t<div class=\"elementor-widget-container\">\n\t\t\t\t\t<h2 class=\"elementor-heading-title elementor-size-default\">Fotograf\u00edas<\/h2>\t\t\t\t<\/div>\n\t\t\t\t<\/div>\n\t\t\t\t<div class=\"elementor-element elementor-element-cffc6ab elementor-widget elementor-widget-text-editor\" data-id=\"cffc6ab\" data-element_type=\"widget\" data-widget_type=\"text-editor.default\">\n\t\t\t\t<div class=\"elementor-widget-container\">\n\t\t\t\t\t\t\t\t\t<p>Eche un vistazo al interior de nuestro centro.<\/p>\t\t\t\t\t\t\t\t<\/div>\n\t\t\t\t<\/div>\n\t\t\t\t<div class=\"elementor-element elementor-element-4ba1333 elementor-mobile-align-center elementor-widget elementor-widget-button\" data-id=\"4ba1333\" data-element_type=\"widget\" data-widget_type=\"button.default\">\n\t\t\t\t<div class=\"elementor-widget-container\">\n\t\t\t\t\t\t\t\t\t<div class=\"elementor-button-wrapper\">\n\t\t\t\t\t<a class=\"elementor-button elementor-button-link elementor-size-sm\" href=\"https:\/\/waterleafwc.org\/es\/quienes-somos\/fotografias\/\">\n\t\t\t\t\t\t<span class=\"elementor-button-content-wrapper\">\n\t\t\t\t\t\t\t\t\t<span class=\"elementor-button-text\">Aprender M\u00e1s<\/span>\n\t\t\t\t\t<\/span>\n\t\t\t\t\t<\/a>\n\t\t\t\t<\/div>\n\t\t\t\t\t\t\t\t<\/div>\n\t\t\t\t<\/div>\n\t\t\t\t<\/div>\n\t\t\t\t<\/div>\n\t\t<div class=\"elementor-element elementor-element-3f8095d e-con-full e-flex e-con e-child\" data-id=\"3f8095d\" data-element_type=\"container\">\n\t\t<div class=\"elementor-element elementor-element-098cb30 e-con-full e-flex e-con e-child\" data-id=\"098cb30\" data-element_type=\"container\">\n\t\t\t\t<div class=\"elementor-element elementor-element-9edfc35 elementor-widget elementor-widget-image\" data-id=\"9edfc35\" data-element_type=\"widget\" data-widget_type=\"image.default\">\n\t\t\t\t<div class=\"elementor-widget-container\">\n\t\t\t\t\t\t\t\t\t\t\t\t\t\t\t<img decoding=\"async\" width=\"800\" height=\"534\" src=\"https:\/\/waterleafwc.org\/wp-content\/uploads\/2024\/07\/iStock-1937830853-1024x683.jpg\" class=\"attachment-large size-large wp-image-611\" alt=\"Photo of happy young pregnant woman at home after scheduling her abortion information consultation at Waterleaf\" srcset=\"https:\/\/waterleafwc.org\/wp-content\/uploads\/2024\/07\/iStock-1937830853-1024x683.jpg 1024w, https:\/\/waterleafwc.org\/wp-content\/uploads\/2024\/07\/iStock-1937830853-300x200.jpg 300w, https:\/\/waterleafwc.org\/wp-content\/uploads\/2024\/07\/iStock-1937830853-768x512.jpg 768w, https:\/\/waterleafwc.org\/wp-content\/uploads\/2024\/07\/iStock-1937830853-1536x1024.jpg 1536w, https:\/\/waterleafwc.org\/wp-content\/uploads\/2024\/07\/iStock-1937830853-2048x1365.jpg 2048w\" sizes=\"(max-width: 800px) 100vw, 800px\" \/>\t\t\t\t\t\t\t\t\t\t\t\t\t\t\t<\/div>\n\t\t\t\t<\/div>\n\t\t\t\t<\/div>\n\t\t<div class=\"elementor-element elementor-element-0395b92 e-con-full e-flex e-con e-child\" data-id=\"0395b92\" data-element_type=\"container\">\n\t\t\t\t<div class=\"elementor-element elementor-element-e47c08f elementor-widget elementor-widget-heading\" data-id=\"e47c08f\" data-element_type=\"widget\" data-widget_type=\"heading.default\">\n\t\t\t\t<div class=\"elementor-widget-container\">\n\t\t\t\t\t<h2 class=\"elementor-heading-title elementor-size-default\">Rese\u00f1as<\/h2>\t\t\t\t<\/div>\n\t\t\t\t<\/div>\n\t\t\t\t<div class=\"elementor-element elementor-element-ce04b85 elementor-widget elementor-widget-text-editor\" data-id=\"ce04b85\" data-element_type=\"widget\" data-widget_type=\"text-editor.default\">\n\t\t\t\t<div class=\"elementor-widget-container\">\n\t\t\t\t\t\t\t\t\t<p>Lea algunas de las rese\u00f1as de nuestras clientas para obtener m\u00e1s informaci\u00f3n sobre lo que puede esperar.<\/p>\t\t\t\t\t\t\t\t<\/div>\n\t\t\t\t<\/div>\n\t\t\t\t<div class=\"elementor-element elementor-element-81e71f5 elementor-mobile-align-center elementor-widget elementor-widget-button\" data-id=\"81e71f5\" data-element_type=\"widget\" data-widget_type=\"button.default\">\n\t\t\t\t<div class=\"elementor-widget-container\">\n\t\t\t\t\t\t\t\t\t<div class=\"elementor-button-wrapper\">\n\t\t\t\t\t<a class=\"elementor-button elementor-button-link elementor-size-sm\" href=\"https:\/\/waterleafwc.org\/es\/resenas\/\">\n\t\t\t\t\t\t<span class=\"elementor-button-content-wrapper\">\n\t\t\t\t\t\t\t\t\t<span class=\"elementor-button-text\">Aprender M\u00e1s<\/span>\n\t\t\t\t\t<\/span>\n\t\t\t\t\t<\/a>\n\t\t\t\t<\/div>\n\t\t\t\t\t\t\t\t<\/div>\n\t\t\t\t<\/div>\n\t\t\t\t<\/div>\n\t\t\t\t<\/div>\n\t\t\t\t<\/div>\n\t\t\t\t<\/div>\n\t\t<div class=\"elementor-element elementor-element-25f416d e-con-full e-flex e-con e-child\" data-id=\"25f416d\" data-element_type=\"container\">\n\t\t<div class=\"elementor-element elementor-element-0cb6d55 e-con-full e-flex e-con e-child\" data-id=\"0cb6d55\" data-element_type=\"container\" data-settings=\"{&quot;background_background&quot;:&quot;classic&quot;}\">\n\t\t\t\t<div class=\"elementor-element elementor-element-89fff00 elementor-widget elementor-widget-html\" data-id=\"89fff00\" data-element_type=\"widget\" data-widget_type=\"html.default\">\n\t\t\t\t<div class=\"elementor-widget-container\">\n\t\t\t\t\t<iframe src=\"https:\/\/api.lifeleadapp.org\/widget\/form\/PAvpcypHhrUyjFjGQT4e\" style=\"width:100%;height:800px;border:none;border-radius:4px\" id=\"inline-PAvpcypHhrUyjFjGQT4e\" data-layout=\"{'id':'INLINE'}\" data-trigger-type=\"alwaysShow\" data-trigger-value=\"\" data-activation-type=\"alwaysActivated\" data-activation-value=\"\" data-deactivation-type=\"neverDeactivate\" data-deactivation-value=\"\" data-form-name=\"WaterLeaf Make An Appointment - (Google Ads)\" data-height=\"695\" data-layout-iframe-id=\"inline-PAvpcypHhrUyjFjGQT4e\" data-form-id=\"PAvpcypHhrUyjFjGQT4e\" title=\"Waterleaf Programe una cita - (Google Ads)\">\n<\/iframe>\n<script src=\"https:\/\/api.lifeleadapp.org\/js\/form_embed.js\"><\/script>\t\t\t\t<\/div>\n\t\t\t\t<\/div>\n\t\t\t\t<\/div>\n\t\t\t\t<\/div>\n\t\t\t\t\t<\/div>\n\t\t\t\t<\/div>\n\t\t\t\t<\/div>\n\t\t","protected":false},"excerpt":{"rendered":"<p>Qui\u00e9nes somos En el Centro para Mujeres Waterleaf, recibir\u00e1 atenci\u00f3n compasiva y confidencial sin prejuicios. Somos su primer paso ante un embarazo no planificado, para que pueda estar segura y equipada con la informaci\u00f3n m\u00e9dica necesaria para tomar la mejor decisi\u00f3n para usted. Tambi\u00e9n podemos proporcionar tratamiento limitado para enfermedades de transmisi\u00f3n sexual y conectarla [&hellip;]<\/p>\n","protected":false},"author":3,"featured_media":0,"parent":0,"menu_order":0,"comment_status":"closed","ping_status":"closed","template":"","meta":{"footnotes":""},"class_list":["post-4518","page","type-page","status-publish","hentry"],"_links":{"self":[{"href":"https:\/\/waterleafwc.org\/es\/wp-json\/wp\/v2\/pages\/4518","targetHints":{"allow":["GET"]}}],"collection":[{"href":"https:\/\/waterleafwc.org\/es\/wp-json\/wp\/v2\/pages"}],"about":[{"href":"https:\/\/waterleafwc.org\/es\/wp-json\/wp\/v2\/types\/page"}],"author":[{"embeddable":true,"href":"https:\/\/waterleafwc.org\/es\/wp-json\/wp\/v2\/users\/3"}],"replies":[{"embeddable":true,"href":"https:\/\/waterleafwc.org\/es\/wp-json\/wp\/v2\/comments?post=4518"}],"version-history":[{"count":11,"href":"https:\/\/waterleafwc.org\/es\/wp-json\/wp\/v2\/pages\/4518\/revisions"}],"predecessor-version":[{"id":6434,"href":"https:\/\/waterleafwc.org\/es\/wp-json\/wp\/v2\/pages\/4518\/revisions\/6434"}],"wp:attachment":[{"href":"https:\/\/waterleafwc.org\/es\/wp-json\/wp\/v2\/media?parent=4518"}],"curies":[{"name":"wp","href":"https:\/\/api.w.org\/{rel}","templated":true}]}}