{"id":4528,"date":"2024-09-26T15:29:45","date_gmt":"2024-09-26T20:29:45","guid":{"rendered":"https:\/\/waterleafwc.org\/recursos-mas-alla-de-lo-medico\/"},"modified":"2026-02-16T10:34:35","modified_gmt":"2026-02-16T16:34:35","slug":"recursos-mas-alla-de-lo-medico","status":"publish","type":"page","link":"https:\/\/waterleafwc.org\/es\/asistencia\/recursos-mas-alla-de-lo-medico\/","title":{"rendered":"Recursos \u201cm\u00e1s all\u00e1 de lo m\u00e9dico\u201d"},"content":{"rendered":"\t\t<div data-elementor-type=\"wp-page\" data-elementor-id=\"4528\" class=\"elementor elementor-4528 elementor-861\" data-elementor-post-type=\"page\">\n\t\t\t\t<div class=\"elementor-element elementor-element-8318353 e-flex e-con-boxed e-con e-parent\" data-id=\"8318353\" data-element_type=\"container\" data-settings=\"{&quot;background_background&quot;:&quot;classic&quot;}\">\n\t\t\t\t\t<div class=\"e-con-inner\">\n\t\t<div class=\"elementor-element elementor-element-f156ea2 e-flex e-con-boxed e-con e-child\" data-id=\"f156ea2\" data-element_type=\"container\">\n\t\t\t\t\t<div class=\"e-con-inner\">\n\t\t\t\t\t<\/div>\n\t\t\t\t<\/div>\n\t\t\t\t\t<\/div>\n\t\t\t\t<\/div>\n\t\t<div class=\"elementor-element elementor-element-349f08a e-flex e-con-boxed e-con e-parent\" data-id=\"349f08a\" data-element_type=\"container\">\n\t\t\t\t\t<div class=\"e-con-inner\">\n\t\t\t\t<div class=\"elementor-element elementor-element-5af02b4 elementor-widget elementor-widget-heading\" data-id=\"5af02b4\" data-element_type=\"widget\" data-widget_type=\"heading.default\">\n\t\t\t\t<div class=\"elementor-widget-container\">\n\t\t\t\t\t<h1 class=\"elementor-heading-title elementor-size-default\">Recursos \u201cm\u00e1s all\u00e1 de lo m\u00e9dico\u201d<\/h1>\t\t\t\t<\/div>\n\t\t\t\t<\/div>\n\t\t\t\t<div class=\"elementor-element elementor-element-f24a1d3 elementor-widget elementor-widget-text-editor\" data-id=\"f24a1d3\" data-element_type=\"widget\" data-widget_type=\"text-editor.default\">\n\t\t\t\t<div class=\"elementor-widget-container\">\n\t\t\t\t\t\t\t\t\t<p>Nuestra labor va m\u00e1s all\u00e1 de las <a href=\"https:\/\/waterleafwc.org\/es\/servicios\/embarazada\/\">pruebas de embarazo<\/a> y los <a href=\"https:\/\/waterleafwc.org\/es\/servicios\/ecografia\/\">ultrasonidos<\/a>. Nuestro Centro de Educaci\u00f3n y Recursos Aspire est\u00e1 aqu\u00ed para proporcionarle los recursos y conocimientos que necesita para triunfar. Examine nuestros 7 Pilares de Apoyo a continuaci\u00f3n para ver c\u00f3mo Waterleaf puede empoderarle.  <\/p><div class=\"col-md-11 secondary_content mb-3 px-5\"> <\/div>\t\t\t\t\t\t\t\t<\/div>\n\t\t\t\t<\/div>\n\t\t<div class=\"elementor-element elementor-element-64cffb6 e-con-full e-flex e-con e-child\" data-id=\"64cffb6\" data-element_type=\"container\">\n\t\t\t\t<div class=\"elementor-element elementor-element-05007d4 elementor-align-center elementor-widget__width-initial elementor-hidden-desktop elementor-hidden-tablet elementor-mobile-align-center elementor-widget-mobile__width-initial elementor-widget elementor-widget-button\" data-id=\"05007d4\" data-element_type=\"widget\" data-widget_type=\"button.default\">\n\t\t\t\t<div class=\"elementor-widget-container\">\n\t\t\t\t\t\t\t\t\t<div class=\"elementor-button-wrapper\">\n\t\t\t\t\t<a class=\"elementor-button elementor-button-link elementor-size-sm\" href=\"tel:630-701-6270\">\n\t\t\t\t\t\t<span class=\"elementor-button-content-wrapper\">\n\t\t\t\t\t\t<span class=\"elementor-button-icon\">\n\t\t\t\t<svg aria-hidden=\"true\" class=\"e-font-icon-svg e-fas-phone-alt\" viewBox=\"0 0 512 512\" xmlns=\"http:\/\/www.w3.org\/2000\/svg\"><path d=\"M497.39 361.8l-112-48a24 24 0 0 0-28 6.9l-49.6 60.6A370.66 370.66 0 0 1 130.6 204.11l60.6-49.6a23.94 23.94 0 0 0 6.9-28l-48-112A24.16 24.16 0 0 0 122.6.61l-104 24A24 24 0 0 0 0 48c0 256.5 207.9 464 464 464a24 24 0 0 0 23.4-18.6l24-104a24.29 24.29 0 0 0-14.01-27.6z\"><\/path><\/svg>\t\t\t<\/span>\n\t\t\t\t\t\t\t\t\t<span class=\"elementor-button-text\">Schedule Now<\/span>\n\t\t\t\t\t<\/span>\n\t\t\t\t\t<\/a>\n\t\t\t\t<\/div>\n\t\t\t\t\t\t\t\t<\/div>\n\t\t\t\t<\/div>\n\t\t\t\t<div class=\"elementor-element elementor-element-2c3824e elementor-align-center elementor-widget__width-initial elementor-mobile-align-center elementor-widget-mobile__width-initial elementor-widget elementor-widget-button\" data-id=\"2c3824e\" data-element_type=\"widget\" data-widget_type=\"button.default\">\n\t\t\t\t<div class=\"elementor-widget-container\">\n\t\t\t\t\t\t\t\t\t<div class=\"elementor-button-wrapper\">\n\t\t\t\t\t<a class=\"elementor-button elementor-button-link elementor-size-sm\" href=\"https:\/\/waterleafwc.org\/es\/contacta-con-nosotros\/\">\n\t\t\t\t\t\t<span class=\"elementor-button-content-wrapper\">\n\t\t\t\t\t\t<span class=\"elementor-button-icon\">\n\t\t\t\t<svg aria-hidden=\"true\" class=\"e-font-icon-svg e-fab-wpforms\" viewBox=\"0 0 448 512\" xmlns=\"http:\/\/www.w3.org\/2000\/svg\"><path d=\"M448 75.2v361.7c0 24.3-19 43.2-43.2 43.2H43.2C19.3 480 0 461.4 0 436.8V75.2C0 51.1 18.8 32 43.2 32h361.7c24 0 43.1 18.8 43.1 43.2zm-37.3 361.6V75.2c0-3-2.6-5.8-5.8-5.8h-9.3L285.3 144 224 94.1 162.8 144 52.5 69.3h-9.3c-3.2 0-5.8 2.8-5.8 5.8v361.7c0 3 2.6 5.8 5.8 5.8h361.7c3.2.1 5.8-2.7 5.8-5.8zM150.2 186v37H76.7v-37h73.5zm0 74.4v37.3H76.7v-37.3h73.5zm11.1-147.3l54-43.7H96.8l64.5 43.7zm210 72.9v37h-196v-37h196zm0 74.4v37.3h-196v-37.3h196zm-84.6-147.3l64.5-43.7H232.8l53.9 43.7zM371.3 335v37.3h-99.4V335h99.4z\"><\/path><\/svg>\t\t\t<\/span>\n\t\t\t\t\t\t\t\t\t<span class=\"elementor-button-text\">Solicite su cita<\/span>\n\t\t\t\t\t<\/span>\n\t\t\t\t\t<\/a>\n\t\t\t\t<\/div>\n\t\t\t\t\t\t\t\t<\/div>\n\t\t\t\t<\/div>\n\t\t\t\t<\/div>\n\t\t\t\t\t<\/div>\n\t\t\t\t<\/div>\n\t\t<div class=\"elementor-element elementor-element-f40f061 e-flex e-con-boxed e-con e-parent\" data-id=\"f40f061\" data-element_type=\"container\">\n\t\t\t\t\t<div class=\"e-con-inner\">\n\t\t<div class=\"elementor-element elementor-element-bbf94ec e-con-full e-flex e-con e-child\" data-id=\"bbf94ec\" data-element_type=\"container\">\n\t\t\t\t<div class=\"elementor-element elementor-element-c42555f elementor-widget elementor-widget-heading\" data-id=\"c42555f\" data-element_type=\"widget\" data-widget_type=\"heading.default\">\n\t\t\t\t<div class=\"elementor-widget-container\">\n\t\t\t\t\t<h2 class=\"elementor-heading-title elementor-size-default\">7 Pilares de Apoyo\n<\/h2>\t\t\t\t<\/div>\n\t\t\t\t<\/div>\n\t\t\t\t<div class=\"elementor-element elementor-element-aa10ab6 elementor-widget elementor-widget-text-editor\" data-id=\"aa10ab6\" data-element_type=\"widget\" data-widget_type=\"text-editor.default\">\n\t\t\t\t<div class=\"elementor-widget-container\">\n\t\t\t\t\t\t\t\t\t<p>Los consejeros y el equipo del Centro de Educaci\u00f3n y Recursos Aspire est\u00e1n aqu\u00ed para proporcionarle las herramientas que necesita para navegar por la vida. Comprendemos que cada persona es \u00fanica. Nuestros pilares de apoyo abarcan diversas etapas de la vida y situaciones.  <\/p><p><strong>Defensor\u00eda, Asesoramiento sobre Opciones y Referencias de Atenci\u00f3n M\u00e9dica<\/strong><\/p><p>Siempre tiene a su disposici\u00f3n una defensor\u00eda y orientaci\u00f3n compasivas, as\u00ed como asesoramiento sobre opciones de crianza, adopci\u00f3n y aborto. Podemos remitirle a una variedad de m\u00e9dicos y profesionales de la salud espec\u00edficos para sus necesidades y ubicaci\u00f3n. <\/p><p><strong>Evaluaci\u00f3n y Planificaci\u00f3n Integral de Recursos<\/strong><\/p><p>Nuestro equipo trabaja con usted para evaluar sus necesidades y desarrollar un plan para satisfacerlas a trav\u00e9s de una robusta red de recursos comunitarios que incluyen asistencia con finanzas, vivienda, educaci\u00f3n, empleo, bancos de alimentos, bienes materiales y m\u00e1s.<\/p><p><strong>Educaci\u00f3n<\/strong><\/p><p>Nuestro equipo facilita valiosa informaci\u00f3n presencial sobre relaciones saludables, <a href=\"https:\/\/waterleafwc.org\/es\/servicios\/pruebas-y-tratamiento-de-ets\/\" target=\"_blank\" rel=\"noreferrer noopener\" data-wpel-link=\"internal\">ETS<\/a>, control de la natalidad, espiritualidad y m\u00e1s. Tambi\u00e9n est\u00e1n disponibles m\u00e1s de 200 lecciones pr\u00e1cticas en video sobre una variedad de temas que pueden cambiar su vida. Estos cursos se transmiten al dispositivo de su preferencia para que los vea cuando le convenga. Cada curso completado gana puntos que se canjean por tarjetas de regalo que puede usar para comestibles, suministros para beb\u00e9s, gasolina o lo que necesite.   <\/p><p><strong>Consejer\u00eda<\/strong><\/p><p>Nuestros consejeros licenciados brindan apoyo para casos de abuso dom\u00e9stico o sexual, prevenci\u00f3n del suicidio, trauma, comunicaci\u00f3n de parejas y otras preocupaciones emocionales.<\/p><p><strong>Apoyo en la P\u00e9rdida del Embarazo<\/strong><\/p><p>Ya sea que su p\u00e9rdida se deba a un aborto espont\u00e1neo, muerte fetal, aborto inducido o adopci\u00f3n, nuestro compasivo equipo de especialistas en p\u00e9rdida de embarazo est\u00e1 aqu\u00ed para ayudarle a navegar su camino de sanaci\u00f3n.<\/p><p><strong>Mentor\u00eda Masculina<\/strong><\/p><p>Exclusivamente para el hombre en su vida, este programa est\u00e1 dise\u00f1ado para empoderar a los hombres personal y relacionalmente, ayud\u00e1ndoles a apoyarle con confianza.<\/p><p><strong>Crecimiento Espiritual<\/strong><\/p><p>Nuestro experimentado equipo le asistir\u00e1 mientras busca avanzar en su jornada espiritual individual, conect\u00e1ndole con comunidades de fe, explorando programas de formaci\u00f3n espiritual o ayud\u00e1ndole a mejorar sus pr\u00e1cticas de oraci\u00f3n.<\/p>\t\t\t\t\t\t\t\t<\/div>\n\t\t\t\t<\/div>\n\t\t\t\t<\/div>\n\t\t<div class=\"elementor-element elementor-element-90f57ff e-con-full e-flex e-con e-child\" data-id=\"90f57ff\" data-element_type=\"container\">\n\t\t<div class=\"elementor-element elementor-element-122e085 e-con-full e-flex e-con e-child\" data-id=\"122e085\" data-element_type=\"container\" data-settings=\"{&quot;background_background&quot;:&quot;classic&quot;}\">\n\t\t\t\t<div class=\"elementor-element elementor-element-c158e17 elementor-widget elementor-widget-html\" data-id=\"c158e17\" data-element_type=\"widget\" data-widget_type=\"html.default\">\n\t\t\t\t<div class=\"elementor-widget-container\">\n\t\t\t\t\t<iframe src=\"https:\/\/api.lifeleadapp.org\/widget\/form\/PAvpcypHhrUyjFjGQT4e\" style=\"width:100%;height:800px;border:none;border-radius:4px\" id=\"inline-PAvpcypHhrUyjFjGQT4e\" data-layout=\"{'id':'INLINE'}\" data-trigger-type=\"alwaysShow\" data-trigger-value=\"\" data-activation-type=\"alwaysActivated\" data-activation-value=\"\" data-deactivation-type=\"neverDeactivate\" data-deactivation-value=\"\" data-form-name=\"WaterLeaf Make An Appointment - (Google Ads)\" data-height=\"695\" data-layout-iframe-id=\"inline-PAvpcypHhrUyjFjGQT4e\" data-form-id=\"PAvpcypHhrUyjFjGQT4e\" title=\"Waterleaf Programe una cita - (Google Ads)\">\n<\/iframe>\n<script src=\"https:\/\/api.lifeleadapp.org\/js\/form_embed.js\"><\/script>\t\t\t\t<\/div>\n\t\t\t\t<\/div>\n\t\t\t\t<\/div>\n\t\t<div class=\"elementor-element elementor-element-e2fa51a e-flex e-con-boxed e-con e-child\" data-id=\"e2fa51a\" data-element_type=\"container\">\n\t\t\t\t\t<div class=\"e-con-inner\">\n\t\t\t\t<div class=\"elementor-element elementor-element-ad1f2ed elementor-widget elementor-widget-heading\" data-id=\"ad1f2ed\" data-element_type=\"widget\" data-widget_type=\"heading.default\">\n\t\t\t\t<div class=\"elementor-widget-container\">\n\t\t\t\t\t<span class=\"elementor-heading-title elementor-size-default\">Necesita m\u00e1s informaci\u00f3n<\/span>\t\t\t\t<\/div>\n\t\t\t\t<\/div>\n\t\t\t\t<div class=\"elementor-element elementor-element-6f584a4 elementor-widget elementor-widget-heading\" data-id=\"6f584a4\" data-element_type=\"widget\" data-widget_type=\"heading.default\">\n\t\t\t\t<div class=\"elementor-widget-container\">\n\t\t\t\t\t<h2 class=\"elementor-heading-title elementor-size-default\">Programe su consulta<\/h2>\t\t\t\t<\/div>\n\t\t\t\t<\/div>\n\t\t\t\t<div class=\"elementor-element elementor-element-a5f9d8c elementor-widget elementor-widget-text-editor\" data-id=\"a5f9d8c\" data-element_type=\"widget\" data-widget_type=\"text-editor.default\">\n\t\t\t\t<div class=\"elementor-widget-container\">\n\t\t\t\t\t\t\t\t\t<div class=\"flex-1 overflow-hidden\"><div class=\"react-scroll-to-bottom--css-qpgxe-79elbk h-full\"><div class=\"react-scroll-to-bottom--css-qpgxe-1n7m0yu\"><div class=\"flex flex-col pb-9 text-sm\"><div class=\"w-full text-token-text-primary\" data-testid=\"conversation-turn-49\"><div class=\"px-4 py-2 justify-center text-base md:gap-6 m-auto\"><div class=\"flex flex-1 text-base mx-auto gap-3 md:px-5 lg:px-1 xl:px-5 md:max-w-3xl lg:max-w-[40rem] xl:max-w-[48rem] group final-completion\"><div class=\"relative flex w-full flex-col lg:w-[calc(100%-115px)] agent-turn\"><div class=\"flex-col gap-1 md:gap-3\"><div class=\"flex flex-grow flex-col max-w-full\"><div class=\"min-h-[20px] text-message flex flex-col items-start gap-3 whitespace-pre-wrap break-words [.text-message+&amp;]:mt-5 overflow-x-auto\" data-message-author-role=\"assistant\" data-message-id=\"1f4c35e9-614f-4f81-9399-5b7108b5a916\"><div class=\"markdown prose w-full break-words dark:prose-invert light\"><div class=\"flex-1 overflow-hidden\"><div class=\"react-scroll-to-bottom--css-qpgxe-79elbk h-full\"><div class=\"react-scroll-to-bottom--css-qpgxe-1n7m0yu\"><div class=\"flex flex-col pb-9 text-sm\"><div class=\"w-full text-token-text-primary\" data-testid=\"conversation-turn-57\"><div class=\"px-4 py-2 justify-center text-base md:gap-6 m-auto\"><div class=\"flex flex-1 text-base mx-auto gap-3 md:px-5 lg:px-1 xl:px-5 md:max-w-3xl lg:max-w-[40rem] xl:max-w-[48rem] group final-completion\"><div class=\"relative flex w-full flex-col lg:w-[calc(100%-115px)] agent-turn\"><div class=\"flex-col gap-1 md:gap-3\"><div class=\"flex flex-grow flex-col max-w-full\"><div class=\"min-h-[20px] text-message flex flex-col items-start gap-3 whitespace-pre-wrap break-words [.text-message+&amp;]:mt-5 overflow-x-auto\" data-message-author-role=\"assistant\" data-message-id=\"045f00a4-87ec-423c-a773-43fe3634c6a4\"><div class=\"markdown prose w-full break-words dark:prose-invert light\"><p>En el Centro para Mujeres Waterleaf, recibir\u00e1 atenci\u00f3n compasiva y confidencial sin prejuicios. Somos su primer paso ante un embarazo no planificado, para que pueda sentirse segura y equipada con la informaci\u00f3n m\u00e9dica que necesita para tomar la mejor decisi\u00f3n para usted.  Tambi\u00e9n podemos proporcionar tratamiento limitado de enfermedades de transmisi\u00f3n sexual y conectarla con una variedad de recursos y asesoramiento \u00fatil. Todos nuestros servicios son gratuitos y no requieren seguro m\u00e9dico. Ll\u00e1menos o env\u00edenos un mensaje de texto en cualquier momento al 630-360-2256 o <a href=\"https:\/\/waterleafwc.org\/es\/contacta-con-nosotros\/\">concierte una cita hoy mismo<\/a>.  <\/p><\/div><\/div><\/div><\/div><\/div><\/div><\/div><\/div><\/div><\/div><\/div><\/div><\/div><\/div><\/div><\/div><\/div><\/div><\/div><\/div><\/div><\/div><\/div><\/div>\t\t\t\t\t\t\t\t<\/div>\n\t\t\t\t<\/div>\n\t\t<div class=\"elementor-element elementor-element-8fb83e8 e-flex e-con-boxed e-con e-child\" data-id=\"8fb83e8\" data-element_type=\"container\">\n\t\t\t\t\t<div class=\"e-con-inner\">\n\t\t\t\t<div class=\"elementor-element elementor-element-a532b11 elementor-align-center elementor-widget__width-initial elementor-hidden-desktop elementor-hidden-tablet elementor-mobile-align-center elementor-widget elementor-widget-button\" data-id=\"a532b11\" data-element_type=\"widget\" data-widget_type=\"button.default\">\n\t\t\t\t<div class=\"elementor-widget-container\">\n\t\t\t\t\t\t\t\t\t<div class=\"elementor-button-wrapper\">\n\t\t\t\t\t<a class=\"elementor-button elementor-button-link elementor-size-sm\" href=\"#\">\n\t\t\t\t\t\t<span class=\"elementor-button-content-wrapper\">\n\t\t\t\t\t\t<span class=\"elementor-button-icon\">\n\t\t\t\t<svg aria-hidden=\"true\" class=\"e-font-icon-svg e-fas-phone-alt\" viewBox=\"0 0 512 512\" xmlns=\"http:\/\/www.w3.org\/2000\/svg\"><path d=\"M497.39 361.8l-112-48a24 24 0 0 0-28 6.9l-49.6 60.6A370.66 370.66 0 0 1 130.6 204.11l60.6-49.6a23.94 23.94 0 0 0 6.9-28l-48-112A24.16 24.16 0 0 0 122.6.61l-104 24A24 24 0 0 0 0 48c0 256.5 207.9 464 464 464a24 24 0 0 0 23.4-18.6l24-104a24.29 24.29 0 0 0-14.01-27.6z\"><\/path><\/svg>\t\t\t<\/span>\n\t\t\t\t\t\t\t\t\t<span class=\"elementor-button-text\">Programe ahora<\/span>\n\t\t\t\t\t<\/span>\n\t\t\t\t\t<\/a>\n\t\t\t\t<\/div>\n\t\t\t\t\t\t\t\t<\/div>\n\t\t\t\t<\/div>\n\t\t\t\t<div class=\"elementor-element elementor-element-cf1139c elementor-align-center elementor-widget__width-initial elementor-hidden-mobile elementor-mobile-align-center elementor-widget elementor-widget-button\" data-id=\"cf1139c\" data-element_type=\"widget\" data-widget_type=\"button.default\">\n\t\t\t\t<div class=\"elementor-widget-container\">\n\t\t\t\t\t\t\t\t\t<div class=\"elementor-button-wrapper\">\n\t\t\t\t\t<a class=\"elementor-button elementor-button-link elementor-size-sm\" href=\"https:\/\/waterleafwc.org\/es\/contacta-con-nosotros\/\">\n\t\t\t\t\t\t<span class=\"elementor-button-content-wrapper\">\n\t\t\t\t\t\t<span class=\"elementor-button-icon\">\n\t\t\t\t<svg aria-hidden=\"true\" class=\"e-font-icon-svg e-fab-wpforms\" viewBox=\"0 0 448 512\" xmlns=\"http:\/\/www.w3.org\/2000\/svg\"><path d=\"M448 75.2v361.7c0 24.3-19 43.2-43.2 43.2H43.2C19.3 480 0 461.4 0 436.8V75.2C0 51.1 18.8 32 43.2 32h361.7c24 0 43.1 18.8 43.1 43.2zm-37.3 361.6V75.2c0-3-2.6-5.8-5.8-5.8h-9.3L285.3 144 224 94.1 162.8 144 52.5 69.3h-9.3c-3.2 0-5.8 2.8-5.8 5.8v361.7c0 3 2.6 5.8 5.8 5.8h361.7c3.2.1 5.8-2.7 5.8-5.8zM150.2 186v37H76.7v-37h73.5zm0 74.4v37.3H76.7v-37.3h73.5zm11.1-147.3l54-43.7H96.8l64.5 43.7zm210 72.9v37h-196v-37h196zm0 74.4v37.3h-196v-37.3h196zm-84.6-147.3l64.5-43.7H232.8l53.9 43.7zM371.3 335v37.3h-99.4V335h99.4z\"><\/path><\/svg>\t\t\t<\/span>\n\t\t\t\t\t\t\t\t\t<span class=\"elementor-button-text\">Solicite su cita<\/span>\n\t\t\t\t\t<\/span>\n\t\t\t\t\t<\/a>\n\t\t\t\t<\/div>\n\t\t\t\t\t\t\t\t<\/div>\n\t\t\t\t<\/div>\n\t\t\t\t\t<\/div>\n\t\t\t\t<\/div>\n\t\t\t\t\t<\/div>\n\t\t\t\t<\/div>\n\t\t\t\t<\/div>\n\t\t\t\t\t<\/div>\n\t\t\t\t<\/div>\n\t\t\t\t<\/div>\n\t\t","protected":false},"excerpt":{"rendered":"<p>Recursos \u201cm\u00e1s all\u00e1 de lo m\u00e9dico\u201d Nuestra labor va m\u00e1s all\u00e1 de las pruebas de embarazo y los ultrasonidos. Nuestro Centro de Educaci\u00f3n y Recursos Aspire est\u00e1 aqu\u00ed para proporcionarle los recursos y conocimientos que necesita para triunfar. Examine nuestros 7 Pilares de Apoyo a continuaci\u00f3n para ver c\u00f3mo Waterleaf puede empoderarle. Schedule Now Solicite [&hellip;]<\/p>\n","protected":false},"author":3,"featured_media":0,"parent":4514,"menu_order":0,"comment_status":"closed","ping_status":"closed","template":"","meta":{"footnotes":""},"class_list":["post-4528","page","type-page","status-publish","hentry"],"_links":{"self":[{"href":"https:\/\/waterleafwc.org\/es\/wp-json\/wp\/v2\/pages\/4528","targetHints":{"allow":["GET"]}}],"collection":[{"href":"https:\/\/waterleafwc.org\/es\/wp-json\/wp\/v2\/pages"}],"about":[{"href":"https:\/\/waterleafwc.org\/es\/wp-json\/wp\/v2\/types\/page"}],"author":[{"embeddable":true,"href":"https:\/\/waterleafwc.org\/es\/wp-json\/wp\/v2\/users\/3"}],"replies":[{"embeddable":true,"href":"https:\/\/waterleafwc.org\/es\/wp-json\/wp\/v2\/comments?post=4528"}],"version-history":[{"count":5,"href":"https:\/\/waterleafwc.org\/es\/wp-json\/wp\/v2\/pages\/4528\/revisions"}],"predecessor-version":[{"id":6407,"href":"https:\/\/waterleafwc.org\/es\/wp-json\/wp\/v2\/pages\/4528\/revisions\/6407"}],"up":[{"embeddable":true,"href":"https:\/\/waterleafwc.org\/es\/wp-json\/wp\/v2\/pages\/4514"}],"wp:attachment":[{"href":"https:\/\/waterleafwc.org\/es\/wp-json\/wp\/v2\/media?parent=4528"}],"curies":[{"name":"wp","href":"https:\/\/api.w.org\/{rel}","templated":true}]}}