{"id":769,"date":"2024-08-26T12:13:27","date_gmt":"2024-08-26T17:13:27","guid":{"rendered":"https:\/\/waterleafwc.org\/ecografia\/"},"modified":"2026-02-16T10:28:19","modified_gmt":"2026-02-16T16:28:19","slug":"ecografia","status":"publish","type":"page","link":"https:\/\/waterleafwc.org\/es\/servicios\/ecografia\/","title":{"rendered":"Ecograf\u00eda"},"content":{"rendered":"\t\t<div data-elementor-type=\"wp-page\" data-elementor-id=\"769\" class=\"elementor elementor-769 elementor-678\" data-elementor-post-type=\"page\">\n\t\t\t\t<div class=\"elementor-element elementor-element-70ef15c e-flex e-con-boxed e-con e-parent\" data-id=\"70ef15c\" data-element_type=\"container\" data-settings=\"{&quot;background_background&quot;:&quot;classic&quot;}\">\n\t\t\t\t\t<div class=\"e-con-inner\">\n\t\t<div class=\"elementor-element elementor-element-0841d75 e-flex e-con-boxed e-con e-child\" data-id=\"0841d75\" data-element_type=\"container\">\n\t\t\t\t\t<div class=\"e-con-inner\">\n\t\t\t\t\t<\/div>\n\t\t\t\t<\/div>\n\t\t\t\t\t<\/div>\n\t\t\t\t<\/div>\n\t\t<div class=\"elementor-element elementor-element-355ed6d e-flex e-con-boxed e-con e-parent\" data-id=\"355ed6d\" data-element_type=\"container\">\n\t\t\t\t\t<div class=\"e-con-inner\">\n\t\t\t\t<div class=\"elementor-element elementor-element-0146744 elementor-widget elementor-widget-heading\" data-id=\"0146744\" data-element_type=\"widget\" data-widget_type=\"heading.default\">\n\t\t\t\t<div class=\"elementor-widget-container\">\n\t\t\t\t\t<h1 class=\"elementor-heading-title elementor-size-default\">Ecograf\u00eda<\/h1>\t\t\t\t<\/div>\n\t\t\t\t<\/div>\n\t\t\t\t<div class=\"elementor-element elementor-element-a5ac6b6 elementor-widget elementor-widget-text-editor\" data-id=\"a5ac6b6\" data-element_type=\"widget\" data-widget_type=\"text-editor.default\">\n\t\t\t\t<div class=\"elementor-widget-container\">\n\t\t\t\t\t\t\t\t\t<p>Las ecograf\u00edas proporcionan informaci\u00f3n critica sobre su embarazo. Identifican los detalles que necesitar\u00e1 para informarle de sus opciones. Tambi\u00e9n pueden revelar afecciones que pueden requerir tratamiento m\u00e9dico adicional. Programe una confirmaci\u00f3n del embarazo y una ecograf\u00eda confidenciales y gratuitas en Waterleaf. No se requiere seguro.   <\/p>\n\t\t\t\t\t\t\t\t<\/div>\n\t\t\t\t<\/div>\n\t\t<div class=\"elementor-element elementor-element-979fcf3 e-con-full e-flex e-con e-child\" data-id=\"979fcf3\" data-element_type=\"container\">\n\t\t\t\t<div class=\"elementor-element elementor-element-f04d99c elementor-align-center elementor-widget__width-initial elementor-hidden-desktop elementor-hidden-tablet elementor-mobile-align-center elementor-widget-mobile__width-initial elementor-widget elementor-widget-button\" data-id=\"f04d99c\" data-element_type=\"widget\" data-widget_type=\"button.default\">\n\t\t\t\t<div class=\"elementor-widget-container\">\n\t\t\t\t\t\t\t\t\t<div class=\"elementor-button-wrapper\">\n\t\t\t\t\t<a class=\"elementor-button elementor-button-link elementor-size-sm\" href=\"tel:630-701-6270\">\n\t\t\t\t\t\t<span class=\"elementor-button-content-wrapper\">\n\t\t\t\t\t\t<span class=\"elementor-button-icon\">\n\t\t\t\t<svg aria-hidden=\"true\" class=\"e-font-icon-svg e-fas-phone-alt\" viewBox=\"0 0 512 512\" xmlns=\"http:\/\/www.w3.org\/2000\/svg\"><path d=\"M497.39 361.8l-112-48a24 24 0 0 0-28 6.9l-49.6 60.6A370.66 370.66 0 0 1 130.6 204.11l60.6-49.6a23.94 23.94 0 0 0 6.9-28l-48-112A24.16 24.16 0 0 0 122.6.61l-104 24A24 24 0 0 0 0 48c0 256.5 207.9 464 464 464a24 24 0 0 0 23.4-18.6l24-104a24.29 24.29 0 0 0-14.01-27.6z\"><\/path><\/svg>\t\t\t<\/span>\n\t\t\t\t\t\t\t\t\t<span class=\"elementor-button-text\">Schedule Now<\/span>\n\t\t\t\t\t<\/span>\n\t\t\t\t\t<\/a>\n\t\t\t\t<\/div>\n\t\t\t\t\t\t\t\t<\/div>\n\t\t\t\t<\/div>\n\t\t\t\t<div class=\"elementor-element elementor-element-d9c9e8f elementor-align-center elementor-widget__width-initial elementor-mobile-align-center elementor-widget-mobile__width-initial elementor-widget elementor-widget-button\" data-id=\"d9c9e8f\" data-element_type=\"widget\" data-widget_type=\"button.default\">\n\t\t\t\t<div class=\"elementor-widget-container\">\n\t\t\t\t\t\t\t\t\t<div class=\"elementor-button-wrapper\">\n\t\t\t\t\t<a class=\"elementor-button elementor-button-link elementor-size-sm\" href=\"https:\/\/waterleafwc.org\/es\/contacta-con-nosotros\/\">\n\t\t\t\t\t\t<span class=\"elementor-button-content-wrapper\">\n\t\t\t\t\t\t<span class=\"elementor-button-icon\">\n\t\t\t\t<svg aria-hidden=\"true\" class=\"e-font-icon-svg e-fab-wpforms\" viewBox=\"0 0 448 512\" xmlns=\"http:\/\/www.w3.org\/2000\/svg\"><path d=\"M448 75.2v361.7c0 24.3-19 43.2-43.2 43.2H43.2C19.3 480 0 461.4 0 436.8V75.2C0 51.1 18.8 32 43.2 32h361.7c24 0 43.1 18.8 43.1 43.2zm-37.3 361.6V75.2c0-3-2.6-5.8-5.8-5.8h-9.3L285.3 144 224 94.1 162.8 144 52.5 69.3h-9.3c-3.2 0-5.8 2.8-5.8 5.8v361.7c0 3 2.6 5.8 5.8 5.8h361.7c3.2.1 5.8-2.7 5.8-5.8zM150.2 186v37H76.7v-37h73.5zm0 74.4v37.3H76.7v-37.3h73.5zm11.1-147.3l54-43.7H96.8l64.5 43.7zm210 72.9v37h-196v-37h196zm0 74.4v37.3h-196v-37.3h196zm-84.6-147.3l64.5-43.7H232.8l53.9 43.7zM371.3 335v37.3h-99.4V335h99.4z\"><\/path><\/svg>\t\t\t<\/span>\n\t\t\t\t\t\t\t\t\t<span class=\"elementor-button-text\">Solicite su cita<\/span>\n\t\t\t\t\t<\/span>\n\t\t\t\t\t<\/a>\n\t\t\t\t<\/div>\n\t\t\t\t\t\t\t\t<\/div>\n\t\t\t\t<\/div>\n\t\t\t\t<\/div>\n\t\t\t\t\t<\/div>\n\t\t\t\t<\/div>\n\t\t<div class=\"elementor-element elementor-element-8c768b9 e-flex e-con-boxed e-con e-parent\" data-id=\"8c768b9\" data-element_type=\"container\">\n\t\t\t\t\t<div class=\"e-con-inner\">\n\t\t<div class=\"elementor-element elementor-element-5798203 e-con-full e-flex e-con e-child\" data-id=\"5798203\" data-element_type=\"container\">\n\t\t\t\t<div class=\"elementor-element elementor-element-4a66e92 elementor-widget elementor-widget-heading\" data-id=\"4a66e92\" data-element_type=\"widget\" data-widget_type=\"heading.default\">\n\t\t\t\t<div class=\"elementor-widget-container\">\n\t\t\t\t\t<h2 class=\"elementor-heading-title elementor-size-default\">\u00bfC\u00f3mo funciona una ecograf\u00eda? <\/h2>\t\t\t\t<\/div>\n\t\t\t\t<\/div>\n\t\t\t\t<div class=\"elementor-element elementor-element-940098f elementor-widget elementor-widget-text-editor\" data-id=\"940098f\" data-element_type=\"widget\" data-widget_type=\"text-editor.default\">\n\t\t\t\t<div class=\"elementor-widget-container\">\n\t\t\t\t\t\t\t\t\t<p>Durante una ecograf\u00eda, la enfermera le aplica gel en el abdomen. A continuaci\u00f3n, utilizan una peque\u00f1a varita llamada transductor, que emite ondas sonoras de alta frecuencia. Estas ondas sonoras crean una imagen que se muestra en una pantalla. Esto se denomina ecograf\u00eda abdominal, pero puede recibir otra forma de ecograf\u00eda llamada ecograf\u00eda transvaginal.   <\/p>\n\t\t\t\t\t\t\t\t<\/div>\n\t\t\t\t<\/div>\n\t\t\t\t<div class=\"elementor-element elementor-element-1c9c81b elementor-widget elementor-widget-heading\" data-id=\"1c9c81b\" data-element_type=\"widget\" data-widget_type=\"heading.default\">\n\t\t\t\t<div class=\"elementor-widget-container\">\n\t\t\t\t\t<h2 class=\"elementor-heading-title elementor-size-default\">\u00bfQu\u00e9 revelan las ecograf\u00edas?<\/h2>\t\t\t\t<\/div>\n\t\t\t\t<\/div>\n\t\t\t\t<div class=\"elementor-element elementor-element-19569d2 elementor-widget elementor-widget-text-editor\" data-id=\"19569d2\" data-element_type=\"widget\" data-widget_type=\"text-editor.default\">\n\t\t\t\t<div class=\"elementor-widget-container\">\n\t\t\t\t\t\t\t\t\t<div class=\"col-md-11 secondary_content mb-3 px-5\">\n<p>Las ecograf\u00edas confirman detalles vitales sobre su embarazo, como:<\/p>\n<\/div>\n\t\t\t\t\t\t\t\t<\/div>\n\t\t\t\t<\/div>\n\t\t\t\t<div class=\"elementor-element elementor-element-1605ee2 elementor-widget elementor-widget-text-editor\" data-id=\"1605ee2\" data-element_type=\"widget\" data-widget_type=\"text-editor.default\">\n\t\t\t\t<div class=\"elementor-widget-container\">\n\t\t\t\t\t\t\t\t\t<ul>\n \t<li><strong>UBICACI\u00d3N <\/strong>&#8211; Si el embarazo no puede detectarse en el \u00fatero, podr\u00eda tratarse de <a href=\"https:\/\/www.mayoclinic.org\/diseases-conditions\/ectopic-pregnancy\/symptoms-causes\/syc-20372088%20\" target=\"_blank\" rel=\"noopener\">un embarazo ect\u00f3pico<\/a>. En este caso, se le aconsejar\u00eda que buscara atenci\u00f3n m\u00e9dica inmediata. <a href=\"https:\/\/www.accessdata.fda.gov\/drugsatfda_docs\/label\/2004\/020687s010-lbl.pdf\" target=\"_blank\" rel=\"noopener\">La FDA dice<\/a> espec\u00edficamente que la p\u00edldora abortiva &#8220;no ser\u00e1 eficaz para interrumpir un embarazo ect\u00f3pico.&#8221;  <\/li>\n \t<li><strong>EDAD GESTACIONAL<\/strong> &#8211; Esto se determina midiendo las dimensiones del embarazo. Esta informaci\u00f3n es importante independientemente de lo que est\u00e9 considerando. Por ejemplo, la p\u00edldora abortiva puede ser peligrosa para ti si tu embarazo est\u00e1 m\u00e1s avanzado de lo que crees. La FDA aprueba la p\u00edldora abortiva hasta los <a href=\"https:\/\/www.fda.gov\/drugs\/postmarket-drug-safety-information-patients-and-providers\/information-about-mifepristone-medical-termination-pregnancy-through-ten-weeks-gestation\" target=\"_blank\" rel=\"noopener\">70 d\u00edas (10 semanas)<\/a>. Riesgos de la p\u00edldora abortiva, como la <a href=\"https:\/\/www.rxlist.com\/misoprostol\/generic-drug.htm#:~:tex%02t=risk%20of%20uterine%20rupture%20increases%20with%20advancing%20gestational%20ages\" target=\"_blank\" rel=\"noopener\">rotura uterina<\/a> aumentan cuanto m\u00e1s avanzado est\u00e9 el embarazo. La ecograf\u00eda te proporciona una edad gestacional exacta para que puedas tomar la mejor decisi\u00f3n para ti.     <\/li>\n<li><strong>VIABILIDAD <\/strong>&#8211; Si no se detecta latido, es posible que sufra un aborto natural. <a href=\"https:\/\/academic.oup.com\/humrep\/article\/34\/11\/2120\/5611272\" target=\"_blank\" rel=\"noopener\">Hasta el 30%<\/a> de los embarazos acaban en aborto. En este caso, se le aconsejar\u00eda que hiciera un seguimiento con su m\u00e9dico, y evitar\u00eda un procedimiento abortivo innecesario. <\/li>\n<\/ul>\t\t\t\t\t\t\t\t<\/div>\n\t\t\t\t<\/div>\n\t\t\t\t<div class=\"elementor-element elementor-element-0504800 elementor-widget elementor-widget-heading\" data-id=\"0504800\" data-element_type=\"widget\" data-widget_type=\"heading.default\">\n\t\t\t\t<div class=\"elementor-widget-container\">\n\t\t\t\t\t<h2 class=\"elementor-heading-title elementor-size-default\">\u00bfQu\u00e9 tipo de ecograf\u00eda ofrece Waterleaf?<\/h2>\t\t\t\t<\/div>\n\t\t\t\t<\/div>\n\t\t\t\t<div class=\"elementor-element elementor-element-fc485fc elementor-widget elementor-widget-text-editor\" data-id=\"fc485fc\" data-element_type=\"widget\" data-widget_type=\"text-editor.default\">\n\t\t\t\t<div class=\"elementor-widget-container\">\n\t\t\t\t\t\t\t\t\t<div class=\"icon-sec col-md-11 mb-3 px-5\">\n<div class=\"icon-bottom-content\">\n<p>Waterleaf Women\u2019s Center ofrece ecograf\u00edas abdominales y transvaginales. Estas ecograf\u00edas se realizan tras un resultado positivo de la prueba de embarazo en nuestro centro. Concierte hoy mismo una cita gratuita para hacerse una ecograf\u00eda. Nuestros profesionales m\u00e9dicos le ayudar\u00e1n a tomar una decisi\u00f3n informada y responder\u00e1n a sus preguntas.   <\/p>\n<\/div>\n<\/div>\n\t\t\t\t\t\t\t\t<\/div>\n\t\t\t\t<\/div>\n\t\t<div class=\"elementor-element elementor-element-ec956c2 e-flex e-con-boxed e-con e-child\" data-id=\"ec956c2\" data-element_type=\"container\">\n\t\t\t\t\t<div class=\"e-con-inner\">\n\t\t\t\t<div class=\"elementor-element elementor-element-161f3a0 elementor-align-center elementor-widget__width-initial elementor-hidden-desktop elementor-hidden-tablet elementor-mobile-align-center elementor-widget elementor-widget-button\" data-id=\"161f3a0\" data-element_type=\"widget\" data-widget_type=\"button.default\">\n\t\t\t\t<div class=\"elementor-widget-container\">\n\t\t\t\t\t\t\t\t\t<div class=\"elementor-button-wrapper\">\n\t\t\t\t\t<a class=\"elementor-button elementor-button-link elementor-size-sm\" href=\"tel:630-701-6270\">\n\t\t\t\t\t\t<span class=\"elementor-button-content-wrapper\">\n\t\t\t\t\t\t<span class=\"elementor-button-icon\">\n\t\t\t\t<svg aria-hidden=\"true\" class=\"e-font-icon-svg e-fas-sms\" viewBox=\"0 0 512 512\" xmlns=\"http:\/\/www.w3.org\/2000\/svg\"><path d=\"M256 32C114.6 32 0 125.1 0 240c0 49.6 21.4 95 57 130.7C44.5 421.1 2.7 466 2.2 466.5c-2.2 2.3-2.8 5.7-1.5 8.7 1.3 3 4.1 4.8 7.3 4.8 66.3 0 116-31.8 140.6-51.4 32.7 12.3 69 19.4 107.4 19.4 141.4 0 256-93.1 256-208S397.4 32 256 32zM128.2 304H116c-4.4 0-8-3.6-8-8v-16c0-4.4 3.6-8 8-8h12.3c6 0 10.4-3.5 10.4-6.6 0-1.3-.8-2.7-2.1-3.8l-21.9-18.8c-8.5-7.2-13.3-17.5-13.3-28.1 0-21.3 19-38.6 42.4-38.6H156c4.4 0 8 3.6 8 8v16c0 4.4-3.6 8-8 8h-12.3c-6 0-10.4 3.5-10.4 6.6 0 1.3.8 2.7 2.1 3.8l21.9 18.8c8.5 7.2 13.3 17.5 13.3 28.1.1 21.3-19 38.6-42.4 38.6zm191.8-8c0 4.4-3.6 8-8 8h-16c-4.4 0-8-3.6-8-8v-68.2l-24.8 55.8c-2.9 5.9-11.4 5.9-14.3 0L224 227.8V296c0 4.4-3.6 8-8 8h-16c-4.4 0-8-3.6-8-8V192c0-8.8 7.2-16 16-16h16c6.1 0 11.6 3.4 14.3 8.8l17.7 35.4 17.7-35.4c2.7-5.4 8.3-8.8 14.3-8.8h16c8.8 0 16 7.2 16 16v104zm48.3 8H356c-4.4 0-8-3.6-8-8v-16c0-4.4 3.6-8 8-8h12.3c6 0 10.4-3.5 10.4-6.6 0-1.3-.8-2.7-2.1-3.8l-21.9-18.8c-8.5-7.2-13.3-17.5-13.3-28.1 0-21.3 19-38.6 42.4-38.6H396c4.4 0 8 3.6 8 8v16c0 4.4-3.6 8-8 8h-12.3c-6 0-10.4 3.5-10.4 6.6 0 1.3.8 2.7 2.1 3.8l21.9 18.8c8.5 7.2 13.3 17.5 13.3 28.1.1 21.3-18.9 38.6-42.3 38.6z\"><\/path><\/svg>\t\t\t<\/span>\n\t\t\t\t\t\t\t\t\t<span class=\"elementor-button-text\">M\u00e1ndanos un texto 630-701-6270<\/span>\n\t\t\t\t\t<\/span>\n\t\t\t\t\t<\/a>\n\t\t\t\t<\/div>\n\t\t\t\t\t\t\t\t<\/div>\n\t\t\t\t<\/div>\n\t\t\t\t<div class=\"elementor-element elementor-element-5dcd9b4 elementor-align-center elementor-widget__width-initial elementor-hidden-mobile elementor-mobile-align-center elementor-widget elementor-widget-button\" data-id=\"5dcd9b4\" data-element_type=\"widget\" data-widget_type=\"button.default\">\n\t\t\t\t<div class=\"elementor-widget-container\">\n\t\t\t\t\t\t\t\t\t<div class=\"elementor-button-wrapper\">\n\t\t\t\t\t<a class=\"elementor-button elementor-button-link elementor-size-sm\" href=\"https:\/\/waterleafwc.org\/es\/contacta-con-nosotros\/\">\n\t\t\t\t\t\t<span class=\"elementor-button-content-wrapper\">\n\t\t\t\t\t\t<span class=\"elementor-button-icon\">\n\t\t\t\t<svg aria-hidden=\"true\" class=\"e-font-icon-svg e-fab-wpforms\" viewBox=\"0 0 448 512\" xmlns=\"http:\/\/www.w3.org\/2000\/svg\"><path d=\"M448 75.2v361.7c0 24.3-19 43.2-43.2 43.2H43.2C19.3 480 0 461.4 0 436.8V75.2C0 51.1 18.8 32 43.2 32h361.7c24 0 43.1 18.8 43.1 43.2zm-37.3 361.6V75.2c0-3-2.6-5.8-5.8-5.8h-9.3L285.3 144 224 94.1 162.8 144 52.5 69.3h-9.3c-3.2 0-5.8 2.8-5.8 5.8v361.7c0 3 2.6 5.8 5.8 5.8h361.7c3.2.1 5.8-2.7 5.8-5.8zM150.2 186v37H76.7v-37h73.5zm0 74.4v37.3H76.7v-37.3h73.5zm11.1-147.3l54-43.7H96.8l64.5 43.7zm210 72.9v37h-196v-37h196zm0 74.4v37.3h-196v-37.3h196zm-84.6-147.3l64.5-43.7H232.8l53.9 43.7zM371.3 335v37.3h-99.4V335h99.4z\"><\/path><\/svg>\t\t\t<\/span>\n\t\t\t\t\t\t\t\t\t<span class=\"elementor-button-text\">Solicita Tu Cita<\/span>\n\t\t\t\t\t<\/span>\n\t\t\t\t\t<\/a>\n\t\t\t\t<\/div>\n\t\t\t\t\t\t\t\t<\/div>\n\t\t\t\t<\/div>\n\t\t\t\t\t<\/div>\n\t\t\t\t<\/div>\n\t\t\t\t<\/div>\n\t\t<div class=\"elementor-element elementor-element-60efd06 e-con-full e-flex e-con e-child\" data-id=\"60efd06\" data-element_type=\"container\">\n\t\t<div class=\"elementor-element elementor-element-3de3f62 e-con-full e-flex e-con e-child\" data-id=\"3de3f62\" data-element_type=\"container\" data-settings=\"{&quot;background_background&quot;:&quot;classic&quot;}\">\n\t\t\t\t<div class=\"elementor-element elementor-element-74ceee5 elementor-widget elementor-widget-global elementor-global-1174 elementor-widget-html\" data-id=\"74ceee5\" data-element_type=\"widget\" data-widget_type=\"html.default\">\n\t\t\t\t<div class=\"elementor-widget-container\">\n\t\t\t\t\t<iframe\r\n  src=\"https:\/\/api.lifeleadapp.org\/widget\/form\/rmRVCgc6RIYL5Pp9nt6T\"\r\n  style=\"width:100%;height:100%;border:none;border-radius:4px\"\r\n  id=\"inline-rmRVCgc6RIYL5Pp9nt6T\"\r\n  data-layout=\"{'id':'INLINE'}\"\r\n  data-trigger-type=\"alwaysShow\"\r\n  data-trigger-value=\"\"\r\n  data-activation-type=\"alwaysActivated\"\r\n  data-activation-value=\"\"\r\n  data-deactivation-type=\"neverDeactivate\"\r\n  data-deactivation-value=\"\"\r\n  data-form-name=\"WaterLeaf Make An Appointment - Spanish (Google Ads)\"\r\n  data-height=\"482\"\r\n  data-layout-iframe-id=\"inline-rmRVCgc6RIYL5Pp9nt6T\"\r\n  data-form-id=\"rmRVCgc6RIYL5Pp9nt6T\"\r\n  title=\"WaterLeaf Make An Appointment - Spanish (Google Ads)\"\r\n      >\r\n<\/iframe>\r\n<script src=\"https:\/\/api.lifeleadapp.org\/js\/form_embed.js\"><\/script>\t\t\t\t<\/div>\n\t\t\t\t<\/div>\n\t\t\t\t<\/div>\n\t\t<div class=\"elementor-element elementor-element-db5805a e-flex e-con-boxed e-con e-child\" data-id=\"db5805a\" data-element_type=\"container\">\n\t\t\t\t\t<div class=\"e-con-inner\">\n\t\t\t\t<div class=\"elementor-element elementor-element-8373759 elementor-widget elementor-widget-heading\" data-id=\"8373759\" data-element_type=\"widget\" data-widget_type=\"heading.default\">\n\t\t\t\t<div class=\"elementor-widget-container\">\n\t\t\t\t\t<span class=\"elementor-heading-title elementor-size-default\">Necesitas M\u00e1s Informaci\u00f3n<\/span>\t\t\t\t<\/div>\n\t\t\t\t<\/div>\n\t\t\t\t<div class=\"elementor-element elementor-element-a4d007f elementor-widget elementor-widget-heading\" data-id=\"a4d007f\" data-element_type=\"widget\" data-widget_type=\"heading.default\">\n\t\t\t\t<div class=\"elementor-widget-container\">\n\t\t\t\t\t<h2 class=\"elementor-heading-title elementor-size-default\">Programa su consulta<\/h2>\t\t\t\t<\/div>\n\t\t\t\t<\/div>\n\t\t\t\t<div class=\"elementor-element elementor-element-acdbb11 elementor-widget elementor-widget-text-editor\" data-id=\"acdbb11\" data-element_type=\"widget\" data-widget_type=\"text-editor.default\">\n\t\t\t\t<div class=\"elementor-widget-container\">\n\t\t\t\t\t\t\t\t\t<div class=\"flex-1 overflow-hidden\">\n<div class=\"react-scroll-to-bottom--css-qpgxe-79elbk h-full\">\n<div class=\"react-scroll-to-bottom--css-qpgxe-1n7m0yu\">\n<div class=\"flex flex-col pb-9 text-sm\">\n<div class=\"w-full text-token-text-primary\" data-testid=\"conversation-turn-49\">\n<div class=\"px-4 py-2 justify-center text-base md:gap-6 m-auto\">\n<div class=\"flex flex-1 text-base mx-auto gap-3 md:px-5 lg:px-1 xl:px-5 md:max-w-3xl lg:max-w-[40rem] xl:max-w-[48rem] group final-completion\">\n<div class=\"relative flex w-full flex-col lg:w-[calc(100%-115px)] agent-turn\">\n<div class=\"flex-col gap-1 md:gap-3\">\n<div class=\"flex flex-grow flex-col max-w-full\">\n<div class=\"min-h-[20px] text-message flex flex-col items-start gap-3 whitespace-pre-wrap break-words [.text-message+&amp;]:mt-5 overflow-x-auto\" data-message-author-role=\"assistant\" data-message-id=\"1f4c35e9-614f-4f81-9399-5b7108b5a916\">\n<div class=\"markdown prose w-full break-words dark:prose-invert light\">\n<div class=\"flex-1 overflow-hidden\">\n<div class=\"react-scroll-to-bottom--css-qpgxe-79elbk h-full\">\n<div class=\"react-scroll-to-bottom--css-qpgxe-1n7m0yu\">\n<div class=\"flex flex-col pb-9 text-sm\">\n<div class=\"w-full text-token-text-primary\" data-testid=\"conversation-turn-57\">\n<div class=\"px-4 py-2 justify-center text-base md:gap-6 m-auto\">\n<div class=\"flex flex-1 text-base mx-auto gap-3 md:px-5 lg:px-1 xl:px-5 md:max-w-3xl lg:max-w-[40rem] xl:max-w-[48rem] group final-completion\">\n<div class=\"relative flex w-full flex-col lg:w-[calc(100%-115px)] agent-turn\">\n<div class=\"flex-col gap-1 md:gap-3\">\n<div class=\"flex flex-grow flex-col max-w-full\">\n<div class=\"min-h-[20px] text-message flex flex-col items-start gap-3 whitespace-pre-wrap break-words [.text-message+&amp;]:mt-5 overflow-x-auto\" data-message-author-role=\"assistant\" data-message-id=\"045f00a4-87ec-423c-a773-43fe3634c6a4\">\n<div class=\"markdown prose w-full break-words dark:prose-invert light\">\n<p>En Waterleaf Women\u2019s Center, usted recibir\u00e1 atenci\u00f3n compasiva y confidencial sin juicio. Somos su primer paso en un embarazo no planificado, para que puedas estar segura y equipada con la informaci\u00f3n medica que necesites para hacer la mejor decisi\u00f3n para ti. Tambi\u00e9n podemos brindarle tratamiento limitado para las ETS y comunicaros con usted para brindarle una variedad de recursos y asesoramiento \u00fatile. Todos los servicios son gratuitos y no requierenos seguro. Llame o invia un mensaje de teto en cualquier momento a 630-360-2256 o <a href=\"https:\/\/waterleafwc.org\/es\/contacta-con-nosotros\/\">haga una cita hoy<\/a>.<\/p>\n<\/div>\n<\/div>\n<\/div>\n<\/div>\n<\/div>\n<\/div>\n<\/div>\n<\/div>\n<\/div>\n<\/div>\n<\/div>\n<\/div>\n<\/div>\n<\/div>\n<\/div>\n<\/div>\n<\/div>\n<\/div>\n<\/div>\n<\/div>\n<\/div>\n<\/div>\n<\/div>\n<\/div>\n\t\t\t\t\t\t\t\t<\/div>\n\t\t\t\t<\/div>\n\t\t<div class=\"elementor-element elementor-element-f88a3fe e-flex e-con-boxed e-con e-child\" data-id=\"f88a3fe\" data-element_type=\"container\">\n\t\t\t\t\t<div class=\"e-con-inner\">\n\t\t\t\t<div class=\"elementor-element elementor-element-2de846f elementor-align-center elementor-widget__width-initial elementor-hidden-desktop elementor-hidden-tablet elementor-mobile-align-center elementor-widget elementor-widget-button\" data-id=\"2de846f\" data-element_type=\"widget\" data-widget_type=\"button.default\">\n\t\t\t\t<div class=\"elementor-widget-container\">\n\t\t\t\t\t\t\t\t\t<div class=\"elementor-button-wrapper\">\n\t\t\t\t\t<a class=\"elementor-button elementor-button-link elementor-size-sm\" href=\"tel:630-701-6270\">\n\t\t\t\t\t\t<span class=\"elementor-button-content-wrapper\">\n\t\t\t\t\t\t<span class=\"elementor-button-icon\">\n\t\t\t\t<svg aria-hidden=\"true\" class=\"e-font-icon-svg e-fas-phone-alt\" viewBox=\"0 0 512 512\" xmlns=\"http:\/\/www.w3.org\/2000\/svg\"><path d=\"M497.39 361.8l-112-48a24 24 0 0 0-28 6.9l-49.6 60.6A370.66 370.66 0 0 1 130.6 204.11l60.6-49.6a23.94 23.94 0 0 0 6.9-28l-48-112A24.16 24.16 0 0 0 122.6.61l-104 24A24 24 0 0 0 0 48c0 256.5 207.9 464 464 464a24 24 0 0 0 23.4-18.6l24-104a24.29 24.29 0 0 0-14.01-27.6z\"><\/path><\/svg>\t\t\t<\/span>\n\t\t\t\t\t\t\t\t\t<span class=\"elementor-button-text\">Solicita Tu Cita 630-701-6270<\/span>\n\t\t\t\t\t<\/span>\n\t\t\t\t\t<\/a>\n\t\t\t\t<\/div>\n\t\t\t\t\t\t\t\t<\/div>\n\t\t\t\t<\/div>\n\t\t\t\t<div class=\"elementor-element elementor-element-f77ade4 elementor-align-center elementor-widget__width-initial elementor-hidden-mobile elementor-mobile-align-center elementor-widget elementor-widget-button\" data-id=\"f77ade4\" data-element_type=\"widget\" data-widget_type=\"button.default\">\n\t\t\t\t<div class=\"elementor-widget-container\">\n\t\t\t\t\t\t\t\t\t<div class=\"elementor-button-wrapper\">\n\t\t\t\t\t<a class=\"elementor-button elementor-button-link elementor-size-sm\" href=\"https:\/\/waterleafwc.org\/es\/contacta-con-nosotros\/\">\n\t\t\t\t\t\t<span class=\"elementor-button-content-wrapper\">\n\t\t\t\t\t\t<span class=\"elementor-button-icon\">\n\t\t\t\t<svg aria-hidden=\"true\" class=\"e-font-icon-svg e-fab-wpforms\" viewBox=\"0 0 448 512\" xmlns=\"http:\/\/www.w3.org\/2000\/svg\"><path d=\"M448 75.2v361.7c0 24.3-19 43.2-43.2 43.2H43.2C19.3 480 0 461.4 0 436.8V75.2C0 51.1 18.8 32 43.2 32h361.7c24 0 43.1 18.8 43.1 43.2zm-37.3 361.6V75.2c0-3-2.6-5.8-5.8-5.8h-9.3L285.3 144 224 94.1 162.8 144 52.5 69.3h-9.3c-3.2 0-5.8 2.8-5.8 5.8v361.7c0 3 2.6 5.8 5.8 5.8h361.7c3.2.1 5.8-2.7 5.8-5.8zM150.2 186v37H76.7v-37h73.5zm0 74.4v37.3H76.7v-37.3h73.5zm11.1-147.3l54-43.7H96.8l64.5 43.7zm210 72.9v37h-196v-37h196zm0 74.4v37.3h-196v-37.3h196zm-84.6-147.3l64.5-43.7H232.8l53.9 43.7zM371.3 335v37.3h-99.4V335h99.4z\"><\/path><\/svg>\t\t\t<\/span>\n\t\t\t\t\t\t\t\t\t<span class=\"elementor-button-text\">Solicita Tu Cita<\/span>\n\t\t\t\t\t<\/span>\n\t\t\t\t\t<\/a>\n\t\t\t\t<\/div>\n\t\t\t\t\t\t\t\t<\/div>\n\t\t\t\t<\/div>\n\t\t\t\t\t<\/div>\n\t\t\t\t<\/div>\n\t\t\t\t\t<\/div>\n\t\t\t\t<\/div>\n\t\t\t\t<\/div>\n\t\t\t\t\t<\/div>\n\t\t\t\t<\/div>\n\t\t\t\t<\/div>\n\t\t","protected":false},"excerpt":{"rendered":"<p>Ecograf\u00eda Las ecograf\u00edas proporcionan informaci\u00f3n critica sobre su embarazo. Identifican los detalles que necesitar\u00e1 para informarle de sus opciones. Tambi\u00e9n pueden revelar afecciones que pueden requerir tratamiento m\u00e9dico adicional. Programe una confirmaci\u00f3n del embarazo y una ecograf\u00eda confidenciales y gratuitas en Waterleaf. No se requiere seguro. Schedule Now Solicite su cita \u00bfC\u00f3mo funciona una ecograf\u00eda? [&hellip;]<\/p>\n","protected":false},"author":3,"featured_media":0,"parent":765,"menu_order":0,"comment_status":"closed","ping_status":"closed","template":"","meta":{"footnotes":""},"class_list":["post-769","page","type-page","status-publish","hentry"],"_links":{"self":[{"href":"https:\/\/waterleafwc.org\/es\/wp-json\/wp\/v2\/pages\/769","targetHints":{"allow":["GET"]}}],"collection":[{"href":"https:\/\/waterleafwc.org\/es\/wp-json\/wp\/v2\/pages"}],"about":[{"href":"https:\/\/waterleafwc.org\/es\/wp-json\/wp\/v2\/types\/page"}],"author":[{"embeddable":true,"href":"https:\/\/waterleafwc.org\/es\/wp-json\/wp\/v2\/users\/3"}],"replies":[{"embeddable":true,"href":"https:\/\/waterleafwc.org\/es\/wp-json\/wp\/v2\/comments?post=769"}],"version-history":[{"count":7,"href":"https:\/\/waterleafwc.org\/es\/wp-json\/wp\/v2\/pages\/769\/revisions"}],"predecessor-version":[{"id":6391,"href":"https:\/\/waterleafwc.org\/es\/wp-json\/wp\/v2\/pages\/769\/revisions\/6391"}],"up":[{"embeddable":true,"href":"https:\/\/waterleafwc.org\/es\/wp-json\/wp\/v2\/pages\/765"}],"wp:attachment":[{"href":"https:\/\/waterleafwc.org\/es\/wp-json\/wp\/v2\/media?parent=769"}],"curies":[{"name":"wp","href":"https:\/\/api.w.org\/{rel}","templated":true}]}}